{"id":201,"date":"2022-10-24T09:45:17","date_gmt":"2022-10-24T07:45:17","guid":{"rendered":"https:\/\/www.taxi-meubles.ch\/?page_id=201"},"modified":"2024-12-30T09:49:52","modified_gmt":"2024-12-30T08:49:52","slug":"video","status":"publish","type":"page","link":"https:\/\/www.taxi-meubles.ch\/fr\/video\/","title":{"rendered":"Vid\u00e9o"},"content":{"rendered":"<p>[et_pb_section fb_built=\u00a0\u00bb1&Prime; _builder_version=\u00a0\u00bb4.18.0&Prime; _module_preset=\u00a0\u00bbdefault\u00a0\u00bb global_colors_info=\u00a0\u00bb{}\u00a0\u00bb][et_pb_row _builder_version=\u00a0\u00bb4.20.2&Prime; _module_preset=\u00a0\u00bbdefault\u00a0\u00bb global_colors_info=\u00a0\u00bb{}\u00a0\u00bb][et_pb_column type=\u00a0\u00bb4_4&Prime; _builder_version=\u00a0\u00bb4.20.2&Prime; _module_preset=\u00a0\u00bbdefault\u00a0\u00bb global_colors_info=\u00a0\u00bb{}\u00a0\u00bb][et_pb_text _builder_version=\u00a0\u00bb4.20.2&Prime; _module_preset=\u00a0\u00bbdefault\u00a0\u00bb text_text_color=\u00a0\u00bb#C42815&Prime; header_text_color=\u00a0\u00bb#c42815&Prime; global_colors_info=\u00a0\u00bb{}\u00a0\u00bb]<\/p>\n<h1 style=\"text-align: center;\">Nos vid\u00e9os<\/h1>\n<p>[\/et_pb_text][et_pb_text _builder_version=\u00a0\u00bb4.27.2&Prime; _module_preset=\u00a0\u00bbdefault\u00a0\u00bb hover_enabled=\u00a0\u00bb0&Prime; sticky_enabled=\u00a0\u00bb0&Prime;]<\/p>\n<p>Bienvenue dans notre espace d\u00e9di\u00e9 aux vid\u00e9os de<strong> Taxi-Meubles\u00a0SA.<\/strong><\/p>\n<p>\u00c0 travers ces contenus visuels, nous partageons avec vous notre savoir-faire, notre expertise et les coulisses de notre activit\u00e9. Regardez, partagez et restez connect\u00e9s avec nous !<\/p>\n<p>[\/et_pb_text][\/et_pb_column][\/et_pb_row][et_pb_row _builder_version=\u00a0\u00bb4.18.0&Prime; _module_preset=\u00a0\u00bbdefault\u00a0\u00bb global_colors_info=\u00a0\u00bb{}\u00a0\u00bb][et_pb_column type=\u00a0\u00bb4_4&Prime; _builder_version=\u00a0\u00bb4.18.0&Prime; _module_preset=\u00a0\u00bbdefault\u00a0\u00bb global_colors_info=\u00a0\u00bb{}\u00a0\u00bb][et_pb_video src=\u00a0\u00bbhttps:\/\/youtu.be\/fkLKHuOm63M\u00a0\u00bb _builder_version=\u00a0\u00bb4.18.0&Prime; _module_preset=\u00a0\u00bbdefault\u00a0\u00bb global_colors_info=\u00a0\u00bb{}\u00a0\u00bb][\/et_pb_video][\/et_pb_column][\/et_pb_row][\/et_pb_section]<\/p>\n","protected":false},"excerpt":{"rendered":"<p>Nos vid\u00e9osBienvenue dans notre espace d\u00e9di\u00e9 aux vid\u00e9os de Taxi-Meubles\u00a0SA. \u00c0 travers ces contenus visuels, nous partageons avec vous notre savoir-faire, notre expertise et les coulisses de notre activit\u00e9. Regardez, partagez et restez connect\u00e9s avec nous !<\/p>\n","protected":false},"author":3,"featured_media":0,"parent":0,"menu_order":0,"comment_status":"closed","ping_status":"closed","template":"","meta":{"_et_pb_use_builder":"on","_et_pb_old_content":"","_et_gb_content_width":"","footnotes":""},"class_list":["post-201","page","type-page","status-publish","hentry"],"yoast_head":"<!-- This site is optimized with the Yoast SEO plugin v27.1.1 - https:\/\/yoast.com\/product\/yoast-seo-wordpress\/ -->\n<title>Vid\u00e9o - Taxi Meubles<\/title>\n<meta name=\"description\" content=\"D\u00e9couvrez en vid\u00e9o l&#039;expertise et le savoir-faire de Taxi-Meubles SA. Plongez dans les coulisses de notre activit\u00e9 et partagez notre passion pour le d\u00e9m\u00e9nagement. Restez connect\u00e9s avec nous !\" \/>\n<meta name=\"robots\" content=\"index, follow, max-snippet:-1, max-image-preview:large, max-video-preview:-1\" \/>\n<link rel=\"canonical\" href=\"https:\/\/www.taxi-meubles.ch\/fr\/video\/\" \/>\n<meta property=\"og:locale\" content=\"fr_FR\" \/>\n<meta property=\"og:type\" content=\"article\" \/>\n<meta property=\"og:title\" content=\"Vid\u00e9o - Taxi Meubles\" \/>\n<meta property=\"og:description\" content=\"D\u00e9couvrez en vid\u00e9o l&#039;expertise et le savoir-faire de Taxi-Meubles SA. Plongez dans les coulisses de notre activit\u00e9 et partagez notre passion pour le d\u00e9m\u00e9nagement. Restez connect\u00e9s avec nous !\" \/>\n<meta property=\"og:url\" content=\"https:\/\/www.taxi-meubles.ch\/fr\/video\/\" \/>\n<meta property=\"og:site_name\" content=\"Taxi Meubles\" \/>\n<meta property=\"article:publisher\" content=\"https:\/\/www.facebook.com\/Duperrex-Frres-Taxi-Meubles-408761332652693\/\" \/>\n<meta property=\"article:modified_time\" content=\"2024-12-30T08:49:52+00:00\" \/>\n<meta name=\"twitter:card\" content=\"summary_large_image\" \/>\n<meta name=\"twitter:label1\" content=\"Dur\u00e9e de lecture estim\u00e9e\" \/>\n\t<meta name=\"twitter:data1\" content=\"1 minute\" \/>\n<script type=\"application\/ld+json\" class=\"yoast-schema-graph\">{\"@context\":\"https:\/\/schema.org\",\"@graph\":[{\"@type\":\"WebPage\",\"@id\":\"https:\/\/www.taxi-meubles.ch\/fr\/video\/\",\"url\":\"https:\/\/www.taxi-meubles.ch\/fr\/video\/\",\"name\":\"Vid\u00e9o - Taxi Meubles\",\"isPartOf\":{\"@id\":\"https:\/\/www.taxi-meubles.ch\/fr\/#website\"},\"datePublished\":\"2022-10-24T07:45:17+00:00\",\"dateModified\":\"2024-12-30T08:49:52+00:00\",\"description\":\"D\u00e9couvrez en vid\u00e9o l'expertise et le savoir-faire de Taxi-Meubles SA. Plongez dans les coulisses de notre activit\u00e9 et partagez notre passion pour le d\u00e9m\u00e9nagement. Restez connect\u00e9s avec nous !\",\"breadcrumb\":{\"@id\":\"https:\/\/www.taxi-meubles.ch\/fr\/video\/#breadcrumb\"},\"inLanguage\":\"fr-FR\",\"potentialAction\":[{\"@type\":\"ReadAction\",\"target\":[\"https:\/\/www.taxi-meubles.ch\/fr\/video\/\"]}]},{\"@type\":\"BreadcrumbList\",\"@id\":\"https:\/\/www.taxi-meubles.ch\/fr\/video\/#breadcrumb\",\"itemListElement\":[{\"@type\":\"ListItem\",\"position\":1,\"name\":\"Accueil\",\"item\":\"https:\/\/www.taxi-meubles.ch\/fr\/\"},{\"@type\":\"ListItem\",\"position\":2,\"name\":\"Vid\u00e9o\"}]},{\"@type\":\"WebSite\",\"@id\":\"https:\/\/www.taxi-meubles.ch\/fr\/#website\",\"url\":\"https:\/\/www.taxi-meubles.ch\/fr\/\",\"name\":\"Taxi Meubles\",\"description\":\"\u00c7a d\u00e9m\u00e9nage !\",\"publisher\":{\"@id\":\"https:\/\/www.taxi-meubles.ch\/fr\/#organization\"},\"potentialAction\":[{\"@type\":\"SearchAction\",\"target\":{\"@type\":\"EntryPoint\",\"urlTemplate\":\"https:\/\/www.taxi-meubles.ch\/fr\/?s={search_term_string}\"},\"query-input\":{\"@type\":\"PropertyValueSpecification\",\"valueRequired\":true,\"valueName\":\"search_term_string\"}}],\"inLanguage\":\"fr-FR\"},{\"@type\":\"Organization\",\"@id\":\"https:\/\/www.taxi-meubles.ch\/fr\/#organization\",\"name\":\"Taxi Meubles SA\",\"url\":\"https:\/\/www.taxi-meubles.ch\/fr\/\",\"logo\":{\"@type\":\"ImageObject\",\"inLanguage\":\"fr-FR\",\"@id\":\"https:\/\/www.taxi-meubles.ch\/fr\/#\/schema\/logo\/image\/\",\"url\":\"https:\/\/www.taxi-meubles.ch\/wp-content\/uploads\/2022\/10\/taxi-meubles-logo-600.png\",\"contentUrl\":\"https:\/\/www.taxi-meubles.ch\/wp-content\/uploads\/2022\/10\/taxi-meubles-logo-600.png\",\"width\":596,\"height\":131,\"caption\":\"Taxi Meubles SA\"},\"image\":{\"@id\":\"https:\/\/www.taxi-meubles.ch\/fr\/#\/schema\/logo\/image\/\"},\"sameAs\":[\"https:\/\/www.facebook.com\/Duperrex-Frres-Taxi-Meubles-408761332652693\/\",\"https:\/\/www.linkedin.com\/company\/11111557\/\"]}]}<\/script>\n<!-- \/ Yoast SEO plugin. -->","yoast_head_json":{"title":"Vid\u00e9o - Taxi Meubles","description":"D\u00e9couvrez en vid\u00e9o l'expertise et le savoir-faire de Taxi-Meubles SA. Plongez dans les coulisses de notre activit\u00e9 et partagez notre passion pour le d\u00e9m\u00e9nagement. Restez connect\u00e9s avec nous !","robots":{"index":"index","follow":"follow","max-snippet":"max-snippet:-1","max-image-preview":"max-image-preview:large","max-video-preview":"max-video-preview:-1"},"canonical":"https:\/\/www.taxi-meubles.ch\/fr\/video\/","og_locale":"fr_FR","og_type":"article","og_title":"Vid\u00e9o - Taxi Meubles","og_description":"D\u00e9couvrez en vid\u00e9o l'expertise et le savoir-faire de Taxi-Meubles SA. Plongez dans les coulisses de notre activit\u00e9 et partagez notre passion pour le d\u00e9m\u00e9nagement. Restez connect\u00e9s avec nous !","og_url":"https:\/\/www.taxi-meubles.ch\/fr\/video\/","og_site_name":"Taxi Meubles","article_publisher":"https:\/\/www.facebook.com\/Duperrex-Frres-Taxi-Meubles-408761332652693\/","article_modified_time":"2024-12-30T08:49:52+00:00","twitter_card":"summary_large_image","twitter_misc":{"Dur\u00e9e de lecture estim\u00e9e":"1 minute"},"schema":{"@context":"https:\/\/schema.org","@graph":[{"@type":"WebPage","@id":"https:\/\/www.taxi-meubles.ch\/fr\/video\/","url":"https:\/\/www.taxi-meubles.ch\/fr\/video\/","name":"Vid\u00e9o - Taxi Meubles","isPartOf":{"@id":"https:\/\/www.taxi-meubles.ch\/fr\/#website"},"datePublished":"2022-10-24T07:45:17+00:00","dateModified":"2024-12-30T08:49:52+00:00","description":"D\u00e9couvrez en vid\u00e9o l'expertise et le savoir-faire de Taxi-Meubles SA. Plongez dans les coulisses de notre activit\u00e9 et partagez notre passion pour le d\u00e9m\u00e9nagement. Restez connect\u00e9s avec nous !","breadcrumb":{"@id":"https:\/\/www.taxi-meubles.ch\/fr\/video\/#breadcrumb"},"inLanguage":"fr-FR","potentialAction":[{"@type":"ReadAction","target":["https:\/\/www.taxi-meubles.ch\/fr\/video\/"]}]},{"@type":"BreadcrumbList","@id":"https:\/\/www.taxi-meubles.ch\/fr\/video\/#breadcrumb","itemListElement":[{"@type":"ListItem","position":1,"name":"Accueil","item":"https:\/\/www.taxi-meubles.ch\/fr\/"},{"@type":"ListItem","position":2,"name":"Vid\u00e9o"}]},{"@type":"WebSite","@id":"https:\/\/www.taxi-meubles.ch\/fr\/#website","url":"https:\/\/www.taxi-meubles.ch\/fr\/","name":"Taxi Meubles","description":"\u00c7a d\u00e9m\u00e9nage !","publisher":{"@id":"https:\/\/www.taxi-meubles.ch\/fr\/#organization"},"potentialAction":[{"@type":"SearchAction","target":{"@type":"EntryPoint","urlTemplate":"https:\/\/www.taxi-meubles.ch\/fr\/?s={search_term_string}"},"query-input":{"@type":"PropertyValueSpecification","valueRequired":true,"valueName":"search_term_string"}}],"inLanguage":"fr-FR"},{"@type":"Organization","@id":"https:\/\/www.taxi-meubles.ch\/fr\/#organization","name":"Taxi Meubles SA","url":"https:\/\/www.taxi-meubles.ch\/fr\/","logo":{"@type":"ImageObject","inLanguage":"fr-FR","@id":"https:\/\/www.taxi-meubles.ch\/fr\/#\/schema\/logo\/image\/","url":"https:\/\/www.taxi-meubles.ch\/wp-content\/uploads\/2022\/10\/taxi-meubles-logo-600.png","contentUrl":"https:\/\/www.taxi-meubles.ch\/wp-content\/uploads\/2022\/10\/taxi-meubles-logo-600.png","width":596,"height":131,"caption":"Taxi Meubles SA"},"image":{"@id":"https:\/\/www.taxi-meubles.ch\/fr\/#\/schema\/logo\/image\/"},"sameAs":["https:\/\/www.facebook.com\/Duperrex-Frres-Taxi-Meubles-408761332652693\/","https:\/\/www.linkedin.com\/company\/11111557\/"]}]}},"_links":{"self":[{"href":"https:\/\/www.taxi-meubles.ch\/fr\/wp-json\/wp\/v2\/pages\/201","targetHints":{"allow":["GET"]}}],"collection":[{"href":"https:\/\/www.taxi-meubles.ch\/fr\/wp-json\/wp\/v2\/pages"}],"about":[{"href":"https:\/\/www.taxi-meubles.ch\/fr\/wp-json\/wp\/v2\/types\/page"}],"author":[{"embeddable":true,"href":"https:\/\/www.taxi-meubles.ch\/fr\/wp-json\/wp\/v2\/users\/3"}],"replies":[{"embeddable":true,"href":"https:\/\/www.taxi-meubles.ch\/fr\/wp-json\/wp\/v2\/comments?post=201"}],"version-history":[{"count":11,"href":"https:\/\/www.taxi-meubles.ch\/fr\/wp-json\/wp\/v2\/pages\/201\/revisions"}],"predecessor-version":[{"id":1450,"href":"https:\/\/www.taxi-meubles.ch\/fr\/wp-json\/wp\/v2\/pages\/201\/revisions\/1450"}],"wp:attachment":[{"href":"https:\/\/www.taxi-meubles.ch\/fr\/wp-json\/wp\/v2\/media?parent=201"}],"curies":[{"name":"wp","href":"https:\/\/api.w.org\/{rel}","templated":true}]}}