{"id":190,"date":"2022-10-24T09:12:55","date_gmt":"2022-10-24T07:12:55","guid":{"rendered":"https:\/\/www.taxi-meubles.ch\/?page_id=190"},"modified":"2024-12-30T14:52:10","modified_gmt":"2024-12-30T13:52:10","slug":"devis-demenagement","status":"publish","type":"page","link":"https:\/\/www.taxi-meubles.ch\/fr\/devis-demenagement\/","title":{"rendered":"Devis"},"content":{"rendered":"<p>[et_pb_section fb_built=\u00a0\u00bb1&Prime; _builder_version=\u00a0\u00bb4.20.2&Prime; _module_preset=\u00a0\u00bbdefault\u00a0\u00bb background_color=\u00a0\u00bbRGBA(255,255,255,0)\u00a0\u00bb background_image=\u00a0\u00bbhttps:\/\/www.taxi-meubles.ch\/wp-content\/uploads\/2023\/04\/Virtual-survey-2.png\u00a0\u00bb background_size=\u00a0\u00bbcustom\u00a0\u00bb background_image_height=\u00a0\u00bb71%\u00a0\u00bb background_blend=\u00a0\u00bbsoft-light\u00a0\u00bb min_height=\u00a0\u00bb400px\u00a0\u00bb custom_padding=\u00a0\u00bb||10px||false|false\u00a0\u00bb background_last_edited=\u00a0\u00bbon|phone\u00a0\u00bb background_image_phone=\u00a0\u00bbhttps:\/\/www.taxi-meubles.ch\/wp-content\/uploads\/2023\/04\/Virtual-survey.png\u00a0\u00bb background_enable_image_phone=\u00a0\u00bbon\u00a0\u00bb global_colors_info=\u00a0\u00bb{}\u00a0\u00bb][\/et_pb_section][et_pb_section fb_built=\u00a0\u00bb1&Prime; _builder_version=\u00a0\u00bb4.18.0&Prime; _module_preset=\u00a0\u00bbdefault\u00a0\u00bb custom_padding=\u00a0\u00bb18px|||||\u00a0\u00bb global_colors_info=\u00a0\u00bb{}\u00a0\u00bb][et_pb_row _builder_version=\u00a0\u00bb4.18.0&Prime; _module_preset=\u00a0\u00bbdefault\u00a0\u00bb global_colors_info=\u00a0\u00bb{}\u00a0\u00bb][et_pb_column type=\u00a0\u00bb4_4&Prime; _builder_version=\u00a0\u00bb4.18.0&Prime; _module_preset=\u00a0\u00bbdefault\u00a0\u00bb global_colors_info=\u00a0\u00bb{}\u00a0\u00bb][et_pb_text _builder_version=\u00a0\u00bb4.27.2&Prime; _module_preset=\u00a0\u00bbdefault\u00a0\u00bb text_font=\u00a0\u00bb||||||||\u00a0\u00bb text_font_size=\u00a0\u00bb15px\u00a0\u00bb header_font=\u00a0\u00bb|300|||||||\u00a0\u00bb header_text_color=\u00a0\u00bb#FFFFFF\u00a0\u00bb header_font_size=\u00a0\u00bb58px\u00a0\u00bb header_2_font=\u00a0\u00bb||||||||\u00a0\u00bb custom_margin=\u00a0\u00bb-20px||||false|false\u00a0\u00bb custom_padding=\u00a0\u00bb0px||||false|false\u00a0\u00bb custom_css_main_element=\u00a0\u00bbfont-family: brush_script;\u00a0\u00bb global_colors_info=\u00a0\u00bb{}\u00a0\u00bb]<\/p>\n<h1 style=\"text-align: center;\"><span style=\"color: #000000;\">Devis d\u00e9m\u00e9nagement gratuits et sans d\u00e9passement<\/span><\/h1>\n<p>[\/et_pb_text][et_pb_text _builder_version=\u00a0\u00bb4.27.2&Prime; _module_preset=\u00a0\u00bbdefault\u00a0\u00bb width=\u00a0\u00bb80%\u00a0\u00bb module_alignment=\u00a0\u00bbcenter\u00a0\u00bb hover_enabled=\u00a0\u00bb0&Prime; global_colors_info=\u00a0\u00bb{}\u00a0\u00bb sticky_enabled=\u00a0\u00bb0&Prime;]<\/p>\n<h2>Solution rapide et fiable pour vos devis de d\u00e9m\u00e9nagement.<\/h2>\n<p>Obtenez un devis de d\u00e9m\u00e9nagement gratuit et garanti sans d\u00e9passement gr\u00e2ce \u00e0 <strong>Taxi-Meubles<\/strong>, le partenaire de vos d\u00e9m\u00e9nagements en Suisse. Notre processus est simple, rapide et con\u00e7u pour r\u00e9pondre \u00e0 vos besoins sp\u00e9cifiques, que vous soyez un particulier ou une entreprise.<\/p>\n<h3><strong>Comment obtenir un devis ?<\/strong><\/h3>\n<ol>\n<li><strong>Visite \u00e0 domicile ou virtuelle<\/strong> : Un agent commercial se d\u00e9place chez vous ou utilise notre outil innovant de visite virtuelle pour analyser vos besoins et organiser efficacement votre d\u00e9m\u00e9nagement.<\/li>\n<li><strong>Devis rapide<\/strong> : Recevez votre devis d\u00e9taill\u00e9, gratuit et sans engagement, dans un d\u00e9lai de 24 heures.<\/li>\n<li><strong>Solution adapt\u00e9e pour petits volumes<\/strong> : Si vous avez seulement quelques meubles \u00e0 transporter, r\u00e9servez directement notre service \u00ab <a href=\"https:\/\/www.man-and-van.ch\/home\" target=\"_blank\" rel=\"noopener\"><strong>Man &amp; Van<\/strong><\/a> \u00bb en seulement 3 clics, rapide et \u00e9conomique.<\/li>\n<\/ol>\n<h3><strong>Pourquoi d\u00e9m\u00e9nager avec Taxi-Meubles ?<\/strong><\/h3>\n<ul>\n<li><strong>Transparence totale<\/strong> : Nos devis sont garantis sans d\u00e9passement. Ce que vous voyez est ce que vous payez.<\/li>\n<li><strong>Flexibilit\u00e9<\/strong> : Que vous d\u00e9m\u00e9nagiez un studio ou une grande maison, nous avons des solutions adapt\u00e9es \u00e0 tous les besoins.<\/li>\n<li><strong>Simplicit\u00e9<\/strong> : Une exp\u00e9rience sans tracas, de la demande de devis jusqu\u2019\u00e0 l\u2019ex\u00e9cution du d\u00e9m\u00e9nagement.<\/li>\n<\/ul>\n<h3><strong>Pr\u00eat \u00e0 d\u00e9m\u00e9nager ?<\/strong><\/h3>\n<p>Contactez-nous d\u00e8s maintenant pour un devis gratuit et b\u00e9n\u00e9ficiez de notre expertise pour un d\u00e9m\u00e9nagement en toute s\u00e9r\u00e9nit\u00e9.<\/p>\n<p>Pour une demande de <a href=\"https:\/\/www.duperrex-international.com\/fr\/demenagement-international\/\" target=\"_blank\" rel=\"noopener\">d\u00e9m\u00e9nagement \u00e0 l&rsquo;international<\/a>, veuillez vous rendre sur la page de notre soci\u00e9t\u00e9 soeur <a href=\"https:\/\/www.duperrex-international.com\/fr\/services\/\" target=\"_blank\" rel=\"noopener\">Duperrex International Ltd.<\/a><\/p>\n<p>[\/et_pb_text][\/et_pb_column][\/et_pb_row][et_pb_row column_structure=\u00a0\u00bb1_4,1_4,1_4,1_4&Prime; use_custom_gutter=\u00a0\u00bbon\u00a0\u00bb gutter_width=\u00a0\u00bb2&Prime; _builder_version=\u00a0\u00bb4.19.1&Prime; _module_preset=\u00a0\u00bbdefault\u00a0\u00bb custom_padding=\u00a0\u00bb||||true|false\u00a0\u00bb global_colors_info=\u00a0\u00bb{}\u00a0\u00bb][et_pb_column type=\u00a0\u00bb1_4&Prime; _builder_version=\u00a0\u00bb4.18.0&Prime; _module_preset=\u00a0\u00bbdefault\u00a0\u00bb global_colors_info=\u00a0\u00bb{}\u00a0\u00bb][\/et_pb_column][et_pb_column type=\u00a0\u00bb1_4&Prime; _builder_version=\u00a0\u00bb4.19.1&Prime; _module_preset=\u00a0\u00bbdefault\u00a0\u00bb custom_padding=\u00a0\u00bb20px|10px|20px|10px|true|true\u00a0\u00bb link_option_url=\u00a0\u00bbhttp:\/\/www.man-and-van.ch\/home\u00a0\u00bb link_option_url_new_window=\u00a0\u00bbon\u00a0\u00bb border_width_all=\u00a0\u00bb1px\u00a0\u00bb global_colors_info=\u00a0\u00bb{}\u00a0\u00bb background__hover_enabled=\u00a0\u00bbon|hover\u00a0\u00bb background_color__hover=\u00a0\u00bbrgba(196,40,21,0.45)\u00a0\u00bb background_enable_color__hover=\u00a0\u00bbon\u00a0\u00bb][et_pb_image src=\u00a0\u00bbhttps:\/\/www.taxi-meubles.ch\/wp-content\/uploads\/2023\/01\/moins-de-5.png\u00a0\u00bb alt=\u00a0\u00bbmoins de 5&Prime; title_text=\u00a0\u00bbmoins de 5&Prime; align=\u00a0\u00bbcenter\u00a0\u00bb _builder_version=\u00a0\u00bb4.27.2&Prime; _module_preset=\u00a0\u00bbdefault\u00a0\u00bb height=\u00a0\u00bb200px\u00a0\u00bb custom_margin=\u00a0\u00bb30px||37px||false|false\u00a0\u00bb global_colors_info=\u00a0\u00bb{}\u00a0\u00bb][\/et_pb_image][et_pb_text _builder_version=\u00a0\u00bb4.18.0&Prime; _module_preset=\u00a0\u00bbdefault\u00a0\u00bb global_colors_info=\u00a0\u00bb{}\u00a0\u00bb]<\/p>\n<p style=\"text-align: center;\"><strong>J&rsquo;ai <span style=\"text-decoration: underline;\">moins<\/span> de 5 objets<\/strong><\/p>\n<p>[\/et_pb_text][et_pb_text _builder_version=\u00a0\u00bb4.18.0&Prime; _module_preset=\u00a0\u00bbdefault\u00a0\u00bb header_3_text_color=\u00a0\u00bb#C42815&Prime; header_3_line_height=\u00a0\u00bb1.7em\u00a0\u00bb custom_margin=\u00a0\u00bb30px||||false|false\u00a0\u00bb global_colors_info=\u00a0\u00bb{}\u00a0\u00bb header_3_text_color__hover_enabled=\u00a0\u00bbon|desktop\u00a0\u00bb header_3_text_color__hover=\u00a0\u00bb#FFFFFF\u00a0\u00bb]<\/p>\n<h3 style=\"text-align: center;\">Service<br \/>Man &amp; Van<\/h3>\n<p>[\/et_pb_text][\/et_pb_column][et_pb_column type=\u00a0\u00bb1_4&Prime; _builder_version=\u00a0\u00bb4.19.0&Prime; _module_preset=\u00a0\u00bbdefault\u00a0\u00bb custom_padding=\u00a0\u00bb20px|10px|20px|10px|true|true\u00a0\u00bb link_option_url=\u00a0\u00bbhttps:\/\/www.taxi-meubles.ch\/devis\/formulaire-de-demenagement\/\u00a0\u00bb border_width_all=\u00a0\u00bb1px\u00a0\u00bb global_colors_info=\u00a0\u00bb{}\u00a0\u00bb background__hover_enabled=\u00a0\u00bbon|hover\u00a0\u00bb background_color__hover=\u00a0\u00bbrgba(196,40,21,0.45)\u00a0\u00bb background_enable_color__hover=\u00a0\u00bbon\u00a0\u00bb][et_pb_image src=\u00a0\u00bbhttps:\/\/www.taxi-meubles.ch\/wp-content\/uploads\/2023\/01\/plus-de-5.png\u00a0\u00bb alt=\u00a0\u00bbplus de 5&Prime; title_text=\u00a0\u00bbplus de 5&Prime; _builder_version=\u00a0\u00bb4.19.4&Prime; _module_preset=\u00a0\u00bbdefault\u00a0\u00bb global_colors_info=\u00a0\u00bb{}\u00a0\u00bb][\/et_pb_image][et_pb_text _builder_version=\u00a0\u00bb4.18.0&Prime; _module_preset=\u00a0\u00bbdefault\u00a0\u00bb global_colors_info=\u00a0\u00bb{}\u00a0\u00bb]<\/p>\n<p style=\"text-align: center;\"><strong>J&rsquo;ai <span style=\"text-decoration: underline;\">plus<\/span> de 5 objets<\/strong><\/p>\n<p>[\/et_pb_text][et_pb_text _builder_version=\u00a0\u00bb4.27.2&Prime; _module_preset=\u00a0\u00bbdefault\u00a0\u00bb header_3_text_color=\u00a0\u00bb#C42815&Prime; header_3_line_height=\u00a0\u00bb1.7em\u00a0\u00bb custom_margin=\u00a0\u00bb30px||||false|false\u00a0\u00bb global_colors_info=\u00a0\u00bb{}\u00a0\u00bb header_3_text_color__hover_enabled=\u00a0\u00bbon|hover\u00a0\u00bb header_3_text_color__hover=\u00a0\u00bb#FFFFFF\u00a0\u00bb]<\/p>\n<h3 style=\"text-align: center;\"><a href=\"https:\/\/www.taxi-meubles.ch\/fr\/devis-demenagement\/formulaire-de-demenagement\/\">Service<\/a><br \/><a href=\"https:\/\/www.taxi-meubles.ch\/fr\/devis-demenagement\/formulaire-de-demenagement\/\">D\u00e9m\u00e9nagement<\/a><\/h3>\n<p>[\/et_pb_text][\/et_pb_column][et_pb_column type=\u00a0\u00bb1_4&Prime; _builder_version=\u00a0\u00bb4.18.0&Prime; _module_preset=\u00a0\u00bbdefault\u00a0\u00bb global_colors_info=\u00a0\u00bb{}\u00a0\u00bb][\/et_pb_column][\/et_pb_row][\/et_pb_section]<\/p>\n","protected":false},"excerpt":{"rendered":"<p>Devis d\u00e9m\u00e9nagement gratuits et sans d\u00e9passementSolution rapide et fiable pour vos devis de d\u00e9m\u00e9nagement. Obtenez un devis de d\u00e9m\u00e9nagement gratuit et garanti sans d\u00e9passement gr\u00e2ce \u00e0 Taxi-Meubles, le partenaire de vos d\u00e9m\u00e9nagements en Suisse. Notre processus est simple, rapide et con\u00e7u pour r\u00e9pondre \u00e0 vos besoins sp\u00e9cifiques, que vous soyez un particulier ou une entreprise. [&hellip;]<\/p>\n","protected":false},"author":3,"featured_media":0,"parent":0,"menu_order":0,"comment_status":"closed","ping_status":"closed","template":"","meta":{"_et_pb_use_builder":"on","_et_pb_old_content":"","_et_gb_content_width":"","footnotes":""},"class_list":["post-190","page","type-page","status-publish","hentry"],"yoast_head":"<!-- This site is optimized with the Yoast SEO plugin v27.1.1 - https:\/\/yoast.com\/product\/yoast-seo-wordpress\/ -->\n<title>Devis d\u00e9m\u00e9nagement - Taxi Meubles<\/title>\n<meta name=\"description\" content=\"Obtenez un devis gratuit, rapide et sans engagement pour votre d\u00e9m\u00e9nagement. Garanti sans d\u00e9passement. Solutions adapt\u00e9es \u00e0 vos besoins.\" \/>\n<meta name=\"robots\" content=\"index, follow, max-snippet:-1, max-image-preview:large, max-video-preview:-1\" \/>\n<link rel=\"canonical\" href=\"https:\/\/www.taxi-meubles.ch\/fr\/devis-demenagement\/\" \/>\n<meta property=\"og:locale\" content=\"fr_FR\" \/>\n<meta property=\"og:type\" content=\"article\" \/>\n<meta property=\"og:title\" content=\"Devis d\u00e9m\u00e9nagement - Taxi Meubles\" \/>\n<meta property=\"og:description\" content=\"Obtenez un devis gratuit, rapide et sans engagement pour votre d\u00e9m\u00e9nagement. Garanti sans d\u00e9passement. Solutions adapt\u00e9es \u00e0 vos besoins.\" \/>\n<meta property=\"og:url\" content=\"https:\/\/www.taxi-meubles.ch\/fr\/devis-demenagement\/\" \/>\n<meta property=\"og:site_name\" content=\"Taxi Meubles\" \/>\n<meta property=\"article:publisher\" content=\"https:\/\/www.facebook.com\/Duperrex-Frres-Taxi-Meubles-408761332652693\/\" \/>\n<meta property=\"article:modified_time\" content=\"2024-12-30T13:52:10+00:00\" \/>\n<meta name=\"twitter:card\" content=\"summary_large_image\" \/>\n<meta name=\"twitter:label1\" content=\"Dur\u00e9e de lecture estim\u00e9e\" \/>\n\t<meta name=\"twitter:data1\" content=\"2 minutes\" \/>\n<script type=\"application\/ld+json\" class=\"yoast-schema-graph\">{\"@context\":\"https:\/\/schema.org\",\"@graph\":[{\"@type\":\"WebPage\",\"@id\":\"https:\/\/www.taxi-meubles.ch\/fr\/devis-demenagement\/\",\"url\":\"https:\/\/www.taxi-meubles.ch\/fr\/devis-demenagement\/\",\"name\":\"Devis d\u00e9m\u00e9nagement - Taxi Meubles\",\"isPartOf\":{\"@id\":\"https:\/\/www.taxi-meubles.ch\/fr\/#website\"},\"datePublished\":\"2022-10-24T07:12:55+00:00\",\"dateModified\":\"2024-12-30T13:52:10+00:00\",\"description\":\"Obtenez un devis gratuit, rapide et sans engagement pour votre d\u00e9m\u00e9nagement. Garanti sans d\u00e9passement. Solutions adapt\u00e9es \u00e0 vos besoins.\",\"breadcrumb\":{\"@id\":\"https:\/\/www.taxi-meubles.ch\/fr\/devis-demenagement\/#breadcrumb\"},\"inLanguage\":\"fr-FR\",\"potentialAction\":[{\"@type\":\"ReadAction\",\"target\":[\"https:\/\/www.taxi-meubles.ch\/fr\/devis-demenagement\/\"]}]},{\"@type\":\"BreadcrumbList\",\"@id\":\"https:\/\/www.taxi-meubles.ch\/fr\/devis-demenagement\/#breadcrumb\",\"itemListElement\":[{\"@type\":\"ListItem\",\"position\":1,\"name\":\"Accueil\",\"item\":\"https:\/\/www.taxi-meubles.ch\/fr\/\"},{\"@type\":\"ListItem\",\"position\":2,\"name\":\"Devis\"}]},{\"@type\":\"WebSite\",\"@id\":\"https:\/\/www.taxi-meubles.ch\/fr\/#website\",\"url\":\"https:\/\/www.taxi-meubles.ch\/fr\/\",\"name\":\"Taxi Meubles\",\"description\":\"\u00c7a d\u00e9m\u00e9nage !\",\"publisher\":{\"@id\":\"https:\/\/www.taxi-meubles.ch\/fr\/#organization\"},\"potentialAction\":[{\"@type\":\"SearchAction\",\"target\":{\"@type\":\"EntryPoint\",\"urlTemplate\":\"https:\/\/www.taxi-meubles.ch\/fr\/?s={search_term_string}\"},\"query-input\":{\"@type\":\"PropertyValueSpecification\",\"valueRequired\":true,\"valueName\":\"search_term_string\"}}],\"inLanguage\":\"fr-FR\"},{\"@type\":\"Organization\",\"@id\":\"https:\/\/www.taxi-meubles.ch\/fr\/#organization\",\"name\":\"Taxi Meubles SA\",\"url\":\"https:\/\/www.taxi-meubles.ch\/fr\/\",\"logo\":{\"@type\":\"ImageObject\",\"inLanguage\":\"fr-FR\",\"@id\":\"https:\/\/www.taxi-meubles.ch\/fr\/#\/schema\/logo\/image\/\",\"url\":\"https:\/\/www.taxi-meubles.ch\/wp-content\/uploads\/2022\/10\/taxi-meubles-logo-600.png\",\"contentUrl\":\"https:\/\/www.taxi-meubles.ch\/wp-content\/uploads\/2022\/10\/taxi-meubles-logo-600.png\",\"width\":596,\"height\":131,\"caption\":\"Taxi Meubles SA\"},\"image\":{\"@id\":\"https:\/\/www.taxi-meubles.ch\/fr\/#\/schema\/logo\/image\/\"},\"sameAs\":[\"https:\/\/www.facebook.com\/Duperrex-Frres-Taxi-Meubles-408761332652693\/\",\"https:\/\/www.linkedin.com\/company\/11111557\/\"]}]}<\/script>\n<!-- \/ Yoast SEO plugin. -->","yoast_head_json":{"title":"Devis d\u00e9m\u00e9nagement - Taxi Meubles","description":"Obtenez un devis gratuit, rapide et sans engagement pour votre d\u00e9m\u00e9nagement. Garanti sans d\u00e9passement. Solutions adapt\u00e9es \u00e0 vos besoins.","robots":{"index":"index","follow":"follow","max-snippet":"max-snippet:-1","max-image-preview":"max-image-preview:large","max-video-preview":"max-video-preview:-1"},"canonical":"https:\/\/www.taxi-meubles.ch\/fr\/devis-demenagement\/","og_locale":"fr_FR","og_type":"article","og_title":"Devis d\u00e9m\u00e9nagement - Taxi Meubles","og_description":"Obtenez un devis gratuit, rapide et sans engagement pour votre d\u00e9m\u00e9nagement. Garanti sans d\u00e9passement. Solutions adapt\u00e9es \u00e0 vos besoins.","og_url":"https:\/\/www.taxi-meubles.ch\/fr\/devis-demenagement\/","og_site_name":"Taxi Meubles","article_publisher":"https:\/\/www.facebook.com\/Duperrex-Frres-Taxi-Meubles-408761332652693\/","article_modified_time":"2024-12-30T13:52:10+00:00","twitter_card":"summary_large_image","twitter_misc":{"Dur\u00e9e de lecture estim\u00e9e":"2 minutes"},"schema":{"@context":"https:\/\/schema.org","@graph":[{"@type":"WebPage","@id":"https:\/\/www.taxi-meubles.ch\/fr\/devis-demenagement\/","url":"https:\/\/www.taxi-meubles.ch\/fr\/devis-demenagement\/","name":"Devis d\u00e9m\u00e9nagement - Taxi Meubles","isPartOf":{"@id":"https:\/\/www.taxi-meubles.ch\/fr\/#website"},"datePublished":"2022-10-24T07:12:55+00:00","dateModified":"2024-12-30T13:52:10+00:00","description":"Obtenez un devis gratuit, rapide et sans engagement pour votre d\u00e9m\u00e9nagement. Garanti sans d\u00e9passement. Solutions adapt\u00e9es \u00e0 vos besoins.","breadcrumb":{"@id":"https:\/\/www.taxi-meubles.ch\/fr\/devis-demenagement\/#breadcrumb"},"inLanguage":"fr-FR","potentialAction":[{"@type":"ReadAction","target":["https:\/\/www.taxi-meubles.ch\/fr\/devis-demenagement\/"]}]},{"@type":"BreadcrumbList","@id":"https:\/\/www.taxi-meubles.ch\/fr\/devis-demenagement\/#breadcrumb","itemListElement":[{"@type":"ListItem","position":1,"name":"Accueil","item":"https:\/\/www.taxi-meubles.ch\/fr\/"},{"@type":"ListItem","position":2,"name":"Devis"}]},{"@type":"WebSite","@id":"https:\/\/www.taxi-meubles.ch\/fr\/#website","url":"https:\/\/www.taxi-meubles.ch\/fr\/","name":"Taxi Meubles","description":"\u00c7a d\u00e9m\u00e9nage !","publisher":{"@id":"https:\/\/www.taxi-meubles.ch\/fr\/#organization"},"potentialAction":[{"@type":"SearchAction","target":{"@type":"EntryPoint","urlTemplate":"https:\/\/www.taxi-meubles.ch\/fr\/?s={search_term_string}"},"query-input":{"@type":"PropertyValueSpecification","valueRequired":true,"valueName":"search_term_string"}}],"inLanguage":"fr-FR"},{"@type":"Organization","@id":"https:\/\/www.taxi-meubles.ch\/fr\/#organization","name":"Taxi Meubles SA","url":"https:\/\/www.taxi-meubles.ch\/fr\/","logo":{"@type":"ImageObject","inLanguage":"fr-FR","@id":"https:\/\/www.taxi-meubles.ch\/fr\/#\/schema\/logo\/image\/","url":"https:\/\/www.taxi-meubles.ch\/wp-content\/uploads\/2022\/10\/taxi-meubles-logo-600.png","contentUrl":"https:\/\/www.taxi-meubles.ch\/wp-content\/uploads\/2022\/10\/taxi-meubles-logo-600.png","width":596,"height":131,"caption":"Taxi Meubles SA"},"image":{"@id":"https:\/\/www.taxi-meubles.ch\/fr\/#\/schema\/logo\/image\/"},"sameAs":["https:\/\/www.facebook.com\/Duperrex-Frres-Taxi-Meubles-408761332652693\/","https:\/\/www.linkedin.com\/company\/11111557\/"]}]}},"_links":{"self":[{"href":"https:\/\/www.taxi-meubles.ch\/fr\/wp-json\/wp\/v2\/pages\/190","targetHints":{"allow":["GET"]}}],"collection":[{"href":"https:\/\/www.taxi-meubles.ch\/fr\/wp-json\/wp\/v2\/pages"}],"about":[{"href":"https:\/\/www.taxi-meubles.ch\/fr\/wp-json\/wp\/v2\/types\/page"}],"author":[{"embeddable":true,"href":"https:\/\/www.taxi-meubles.ch\/fr\/wp-json\/wp\/v2\/users\/3"}],"replies":[{"embeddable":true,"href":"https:\/\/www.taxi-meubles.ch\/fr\/wp-json\/wp\/v2\/comments?post=190"}],"version-history":[{"count":44,"href":"https:\/\/www.taxi-meubles.ch\/fr\/wp-json\/wp\/v2\/pages\/190\/revisions"}],"predecessor-version":[{"id":1515,"href":"https:\/\/www.taxi-meubles.ch\/fr\/wp-json\/wp\/v2\/pages\/190\/revisions\/1515"}],"wp:attachment":[{"href":"https:\/\/www.taxi-meubles.ch\/fr\/wp-json\/wp\/v2\/media?parent=190"}],"curies":[{"name":"wp","href":"https:\/\/api.w.org\/{rel}","templated":true}]}}