{"id":488,"date":"2022-10-19T11:58:05","date_gmt":"2022-10-19T09:58:05","guid":{"rendered":"https:\/\/www.taxi-meubles.ch\/services\/"},"modified":"2025-03-26T15:43:23","modified_gmt":"2025-03-26T14:43:23","slug":"services","status":"publish","type":"page","link":"https:\/\/www.taxi-meubles.ch\/en\/","title":{"rendered":"Services"},"content":{"rendered":"<p>[et_pb_section fb_built=&#8221;1&#8243; _builder_version=&#8221;4.20.2&#8243; _module_preset=&#8221;default&#8221; background_image=&#8221;https:\/\/www.taxi-meubles.ch\/wp-content\/uploads\/2023\/04\/demenagement-national.jpg&#8221; min_height=&#8221;400px&#8221; custom_margin=&#8221;||||false|false&#8221; background_last_edited=&#8221;on|phone&#8221; background_image_phone=&#8221;https:\/\/www.taxi-meubles.ch\/wp-content\/uploads\/2023\/04\/QYWT4540-1.jpg&#8221; background_enable_image_phone=&#8221;on&#8221; global_colors_info=&#8221;{}&#8221;][\/et_pb_section][et_pb_section fb_built=&#8221;1&#8243; _builder_version=&#8221;4.18.0&#8243; _module_preset=&#8221;default&#8221; global_colors_info=&#8221;{}&#8221;][et_pb_row _builder_version=&#8221;4.18.0&#8243; _module_preset=&#8221;default&#8221; global_colors_info=&#8221;{}&#8221;][et_pb_column type=&#8221;4_4&#8243; _builder_version=&#8221;4.18.0&#8243; _module_preset=&#8221;default&#8221; global_colors_info=&#8221;{}&#8221;][et_pb_text _builder_version=&#8221;4.27.4&#8243; _module_preset=&#8221;default&#8221; header_text_color=&#8221;#C42815&#8243; hover_enabled=&#8221;0&#8243; global_colors_info=&#8221;{}&#8221; sticky_enabled=&#8221;0&#8243;]<\/p>\n<h1 style=\"text-align: center;\">Swiss relocations and furniture storage<\/h1>\n<p>&nbsp;<\/p>\n<p>At Taxi-Meubles SA, <strong>relocation specialist in Switzerland<\/strong>, we offer a complete range of services to meet all your removal, storage and furniture recycling needs. Try out our digital <strong>\u2018Man and Van\u2019 service<\/strong> in just 3 clicks. Whether you&#8217;re organising a local move in Switzerland, a transfer abroad, or looking for a practical solution to store your belongings in a <strong>furniture storage<\/strong>, our expertise will meet your needs efficiently and professionally.<\/p>\n<p>With our <strong>Taxi-Meubles services<\/strong>, you benefit from full support, great flexibility and a commitment to the environment at every stage of your project. Trust Taxi-Meubles SA for a reliable, innovative service tailored to your needs.<\/p>\n<p>[\/et_pb_text][\/et_pb_column][\/et_pb_row][et_pb_row column_structure=&#8221;1_3,1_3,1_3&#8243; make_equal=&#8221;on&#8221; _builder_version=&#8221;4.18.0&#8243; _module_preset=&#8221;default&#8221; custom_padding=&#8221;||0px||false|false&#8221; global_colors_info=&#8221;{}&#8221;][et_pb_column type=&#8221;1_3&#8243; _builder_version=&#8221;4.18.0&#8243; _module_preset=&#8221;default&#8221; background_color=&#8221;rgba(255,255,255,0.53)&#8221; background_image=&#8221;https:\/\/www.taxi-meubles.ch\/wp-content\/uploads\/2022\/10\/national-grey.png&#8221; background_size=&#8221;contain&#8221; background_blend=&#8221;lighten&#8221; custom_padding=&#8221;30px|10px|30px|10px|true|true&#8221; border_width_all=&#8221;1px&#8221; border_color_all=&#8221;#C42815&#8243; global_colors_info=&#8221;{}&#8221; background__hover_enabled=&#8221;on|desktop&#8221; background_color__hover=&#8221;&#8221; background_enable_color__hover=&#8221;off&#8221;][et_pb_text _builder_version=&#8221;4.20.2&#8243; _module_preset=&#8221;default&#8221; header_2_text_color=&#8221;#C42815&#8243; global_colors_info=&#8221;{}&#8221; header_2_text_color__hover_enabled=&#8221;on|hover&#8221; header_2_text_color__hover=&#8221;#FFFFFF&#8221;]<\/p>\n<h2 style=\"text-align: center;\">National Move<\/h2>\n<p>[\/et_pb_text][et_pb_text _builder_version=&#8221;4.18.0&#8243; _module_preset=&#8221;default&#8221; global_colors_info=&#8221;{}&#8221; text_text_color__hover_enabled=&#8221;on|hover&#8221; text_text_color__hover=&#8221;#FFFFFF&#8221;]<\/p>\n<p style=\"text-align: center;\">You are about to move into a new home and would like professionals to handle it? Contact us! We will give you an offer that meets your needs. Our quotes are free and no extra charges guaranteed!<\/p>\n<p>[\/et_pb_text][et_pb_button button_url=&#8221;@ET-DC@eyJkeW5hbWljIjp0cnVlLCJjb250ZW50IjoicG9zdF9saW5rX3VybF9wYWdlIiwic2V0dGluZ3MiOnsicG9zdF9pZCI6Ijg5In19@&#8221; button_text=&#8221;+ information&#8221; button_alignment=&#8221;center&#8221; _builder_version=&#8221;4.19.0&#8243; _dynamic_attributes=&#8221;button_url&#8221; _module_preset=&#8221;default&#8221; custom_button=&#8221;on&#8221; button_text_color=&#8221;#FFFFFF&#8221; button_border_color=&#8221;#C42815&#8243; custom_margin=&#8221;161px||3px||false|false&#8221; custom_padding=&#8221;||||false|false&#8221; global_colors_info=&#8221;{}&#8221; button_text_color__hover_enabled=&#8221;on|desktop&#8221; button_bg_color__hover_enabled=&#8221;on|hover&#8221; button_bg_color__hover=&#8221;#C42815&#8243; button_bg_enable_color__hover=&#8221;on&#8221; button_text_color__hover=&#8221;#FFFFFF&#8221;][\/et_pb_button][\/et_pb_column][et_pb_column type=&#8221;1_3&#8243; _builder_version=&#8221;4.18.0&#8243; _module_preset=&#8221;default&#8221; background_color=&#8221;#C42815&#8243; background_image=&#8221;https:\/\/www.taxi-meubles.ch\/wp-content\/uploads\/2022\/10\/enterprise-dark.png&#8221; background_size=&#8221;contain&#8221; background_blend=&#8221;darken&#8221; custom_padding=&#8221;30px|10px|30px|10px|true|true&#8221; global_colors_info=&#8221;{}&#8221;][et_pb_text _builder_version=&#8221;4.18.0&#8243; _module_preset=&#8221;default&#8221; header_text_color=&#8221;#FFFFFF&#8221; header_2_text_color=&#8221;#FFFFFF&#8221; global_colors_info=&#8221;{}&#8221;]<\/p>\n<h2 style=\"text-align: center;\">Company Relocation<\/h2>\n<p>[\/et_pb_text][et_pb_text _builder_version=&#8221;4.18.0&#8243; _module_preset=&#8221;default&#8221; text_text_color=&#8221;#FFFFFF&#8221; custom_margin=&#8221;||60px||false|false&#8221; global_colors_info=&#8221;{}&#8221;]<\/p>\n<p style=\"text-align: center;\">We relocate all kinds of businesses, from office buildings to production plants, requiring handling of machinery and production materials.<\/p>\n<p>[\/et_pb_text][et_pb_button button_url=&#8221;@ET-DC@eyJkeW5hbWljIjp0cnVlLCJjb250ZW50IjoicG9zdF9saW5rX3VybF9wYWdlIiwic2V0dGluZ3MiOnsicG9zdF9pZCI6IjEwNCJ9fQ==@&#8221; button_text=&#8221;+ information&#8221; button_alignment=&#8221;center&#8221; _builder_version=&#8221;4.19.0&#8243; _dynamic_attributes=&#8221;button_url&#8221; _module_preset=&#8221;default&#8221; custom_button=&#8221;on&#8221; button_border_color=&#8221;#FFFFFF&#8221; button_use_icon=&#8221;off&#8221; custom_margin=&#8221;233px||||false|false&#8221; global_colors_info=&#8221;{}&#8221; button_text_color__hover_enabled=&#8221;on|hover&#8221; button_text_color__hover=&#8221;#C42815&#8243; button_border_color__hover_enabled=&#8221;on|hover&#8221; button_border_color__hover=&#8221;#FFFFFF&#8221; button_bg_color__hover_enabled=&#8221;on|hover&#8221; button_bg_color__hover=&#8221;#FFFFFF&#8221; button_bg_enable_color__hover=&#8221;on&#8221;][\/et_pb_button][\/et_pb_column][et_pb_column type=&#8221;1_3&#8243; _builder_version=&#8221;4.18.0&#8243; _module_preset=&#8221;default&#8221; background_color=&#8221;rgba(255,255,255,0.34)&#8221; background_image=&#8221;https:\/\/www.taxi-meubles.ch\/wp-content\/uploads\/2022\/10\/international-grey.png&#8221; background_size=&#8221;contain&#8221; background_blend=&#8221;lighten&#8221; custom_padding=&#8221;30px|10px|30px|10px|true|false&#8221; border_width_all=&#8221;1px&#8221; border_color_all=&#8221;#C42815&#8243; global_colors_info=&#8221;{}&#8221;][et_pb_text _builder_version=&#8221;4.18.0&#8243; _module_preset=&#8221;default&#8221; header_2_text_color=&#8221;#C42815&#8243; global_colors_info=&#8221;{}&#8221;]<\/p>\n<h2 style=\"text-align: center;\">International Move<\/h2>\n<p>[\/et_pb_text][et_pb_text _builder_version=&#8221;4.18.0&#8243; _module_preset=&#8221;default&#8221; global_colors_info=&#8221;{}&#8221;]<\/p>\n<p style=\"text-align: center;\">Thanks to its large worldwide network, our sister company Duperrex International Ltd can offer you door to door service wherever you go in the world.<\/p>\n<p style=\"text-align: center;\">You will have one point of contact who will follow your move from start to finish and who can tell you in real time exactly where you belongings are. Duperrex International will provide you with a &#8220;stress free&#8221; experience.<\/p>\n<p>[\/et_pb_text][et_pb_button button_url=&#8221;https:\/\/www.duperrex-international.com\/fr\/&#8221; url_new_window=&#8221;on&#8221; button_text=&#8221;+ information&#8221; button_alignment=&#8221;center&#8221; _builder_version=&#8221;4.18.0&#8243; _module_preset=&#8221;default&#8221; custom_button=&#8221;on&#8221; button_border_color=&#8221;#C42815&#8243; button_icon=&#8221;&#xf35d;||fa||900&#8243; button_icon_color=&#8221;#FFFFFF&#8221; button_on_hover=&#8221;off&#8221; global_colors_info=&#8221;{}&#8221;][\/et_pb_button][\/et_pb_column][\/et_pb_row][et_pb_row column_structure=&#8221;1_3,1_3,1_3&#8243; make_equal=&#8221;on&#8221; _builder_version=&#8221;4.18.0&#8243; _module_preset=&#8221;default&#8221; custom_margin=&#8221;70px||70px||true|false&#8221; global_colors_info=&#8221;{}&#8221;][et_pb_column type=&#8221;1_3&#8243; _builder_version=&#8221;4.18.0&#8243; _module_preset=&#8221;default&#8221; background_color=&#8221;#C42815&#8243; background_image=&#8221;https:\/\/www.taxi-meubles.ch\/wp-content\/uploads\/2022\/10\/storage-dark.png&#8221; background_size=&#8221;contain&#8221; custom_padding=&#8221;30px|10px|30px|10px|true|true&#8221; global_colors_info=&#8221;{}&#8221;][et_pb_text _builder_version=&#8221;4.18.0&#8243; _module_preset=&#8221;default&#8221; header_2_text_color=&#8221;#FFFFFF&#8221; global_colors_info=&#8221;{}&#8221;]<\/p>\n<h2 style=\"text-align: center;\">Storage<\/h2>\n<p>[\/et_pb_text][et_pb_text _builder_version=&#8221;4.18.0&#8243; _module_preset=&#8221;default&#8221; text_text_color=&#8221;#FFFFFF&#8221; global_colors_info=&#8221;{}&#8221;]<\/p>\n<p style=\"text-align: center;\">Are you going to move and wish to securely store your furniture and personal belonging?<br \/>Or would you simply like to rent storage space?<\/p>\n<p>[\/et_pb_text][et_pb_button button_url=&#8221;@ET-DC@eyJkeW5hbWljIjp0cnVlLCJjb250ZW50IjoicG9zdF9saW5rX3VybF9wYWdlIiwic2V0dGluZ3MiOnsicG9zdF9pZCI6IjExMSJ9fQ==@&#8221; button_text=&#8221;+ information&#8221; button_alignment=&#8221;center&#8221; _builder_version=&#8221;4.18.0&#8243; _dynamic_attributes=&#8221;button_url&#8221; _module_preset=&#8221;default&#8221; custom_button=&#8221;on&#8221; button_bg_color=&#8221;#C42815&#8243; button_use_icon=&#8221;off&#8221; custom_margin=&#8221;90px||||false|false&#8221; global_colors_info=&#8221;{}&#8221; button_text_color__hover_enabled=&#8221;on|hover&#8221; button_text_color__hover=&#8221;#C42815&#8243; button_bg_color__hover_enabled=&#8221;on|hover&#8221; button_bg_color__hover=&#8221;#FFFFFF&#8221; button_bg_enable_color__hover=&#8221;on&#8221;][\/et_pb_button][\/et_pb_column][et_pb_column type=&#8221;1_3&#8243; _builder_version=&#8221;4.18.0&#8243; _module_preset=&#8221;default&#8221; background_image=&#8221;https:\/\/www.taxi-meubles.ch\/wp-content\/uploads\/2022\/10\/manandvan-grey.png&#8221; background_size=&#8221;contain&#8221; custom_padding=&#8221;30px|10px|30px|10px|true|true&#8221; border_width_all=&#8221;1px&#8221; border_color_all=&#8221;#C42815&#8243; global_colors_info=&#8221;{}&#8221;][et_pb_text _builder_version=&#8221;4.18.0&#8243; _module_preset=&#8221;default&#8221; header_2_text_color=&#8221;#C42815&#8243; global_colors_info=&#8221;{}&#8221;]<\/p>\n<h2 style=\"text-align: center;\">Man &amp; Van<\/h2>\n<p>[\/et_pb_text][et_pb_text _builder_version=&#8221;4.18.0&#8243; _module_preset=&#8221;default&#8221; global_colors_info=&#8221;{}&#8221;]<\/p>\n<p style=\"text-align: center;\">Would you like to move, store or recycle just a few pieces of furniture and contacting a removals company does not seem the best solution?<\/p>\n<p>[\/et_pb_text][et_pb_button button_url=&#8221;https:\/\/www.man-and-van.ch\/home?lang=en&#8221; url_new_window=&#8221;on&#8221; button_text=&#8221;+ information&#8221; button_alignment=&#8221;center&#8221; _builder_version=&#8221;4.27.4&#8243; _module_preset=&#8221;default&#8221; custom_button=&#8221;on&#8221; button_text_color=&#8221;#FFFFFF&#8221; button_border_color=&#8221;#C42815&#8243; button_icon=&#8221;&#xf35d;||fa||900&#8243; button_icon_color=&#8221;#FFFFFF&#8221; button_on_hover=&#8221;off&#8221; custom_margin=&#8221;114px||||false|false&#8221; global_colors_info=&#8221;{}&#8221;][\/et_pb_button][\/et_pb_column][et_pb_column type=&#8221;1_3&#8243; _builder_version=&#8221;4.18.0&#8243; _module_preset=&#8221;default&#8221; background_color=&#8221;#C42815&#8243; background_image=&#8221;https:\/\/www.taxi-meubles.ch\/wp-content\/uploads\/2022\/10\/recycle-dark.png&#8221; background_size=&#8221;contain&#8221; custom_padding=&#8221;30px|10px|30px|10px|true|true&#8221; global_colors_info=&#8221;{}&#8221;][et_pb_text _builder_version=&#8221;4.18.0&#8243; _module_preset=&#8221;default&#8221; header_text_color=&#8221;#FFFFFF&#8221; header_2_text_color=&#8221;#FFFFFF&#8221; global_colors_info=&#8221;{}&#8221;]<\/p>\n<h2 style=\"text-align: center;\">Furniture Recycling<\/h2>\n<p>[\/et_pb_text][et_pb_text _builder_version=&#8221;4.18.0&#8243; _module_preset=&#8221;default&#8221; text_text_color=&#8221;#FFFFFF&#8221; header_text_color=&#8221;#F3F3F3&#8243; global_colors_info=&#8221;{}&#8221;]<\/p>\n<p style=\"text-align: center;\">Taxi-Meubles recycles your furniture in an environmentally friendly way.<\/p>\n<p style=\"text-align: center;\">Are you looking to recycle your furniture but access to the tip is complicated and you do not want to spend your whole Saturday there?<\/p>\n<p>[\/et_pb_text][et_pb_button button_url=&#8221;@ET-DC@eyJkeW5hbWljIjp0cnVlLCJjb250ZW50IjoicG9zdF9saW5rX3VybF9wYWdlIiwic2V0dGluZ3MiOnsicG9zdF9pZCI6IjQ4NiJ9fQ==@&#8221; button_text=&#8221;+ information&#8221; button_alignment=&#8221;center&#8221; _builder_version=&#8221;4.20.2&#8243; _dynamic_attributes=&#8221;button_url&#8221; _module_preset=&#8221;default&#8221; custom_button=&#8221;on&#8221; button_text_color=&#8221;#FFFFFF&#8221; button_bg_color=&#8221;#C42815&#8243; button_border_color=&#8221;#FFFFFF&#8221; button_use_icon=&#8221;off&#8221; custom_margin=&#8221;50px||||false|false&#8221; global_colors_info=&#8221;{}&#8221; button_text_size__hover_enabled=&#8221;on|hover&#8221; button_bg_color__hover_enabled=&#8221;on|hover&#8221; button_bg_color__hover=&#8221;#FFFFFF&#8221; button_bg_enable_color__hover=&#8221;on&#8221; button_text_color__hover_enabled=&#8221;on|hover&#8221; button_text_color__hover=&#8221;#C42815&#8243;][\/et_pb_button][\/et_pb_column][\/et_pb_row][et_pb_row column_structure=&#8221;1_4,1_4,1_4,1_4&#8243; _builder_version=&#8221;4.27.4&#8243; _module_preset=&#8221;default&#8221; global_colors_info=&#8221;{}&#8221;][et_pb_column type=&#8221;1_4&#8243; _builder_version=&#8221;4.27.4&#8243; _module_preset=&#8221;default&#8221; global_colors_info=&#8221;{}&#8221;][wdcl_image_carousel slide_count=&#8221;4&#8243; _builder_version=&#8221;4.27.4&#8243; _module_preset=&#8221;default&#8221; width=&#8221;458.3%&#8221; custom_margin=&#8221;|-845px||||&#8221; global_colors_info=&#8221;{}&#8221;][wdcl_image_carousel_child photo=&#8221;https:\/\/www.taxi-meubles.ch\/wp-content\/uploads\/2022\/10\/factory-3.jpg&#8221; _builder_version=&#8221;4.27.4&#8243; global_colors_info=&#8221;{}&#8221;][\/wdcl_image_carousel_child][wdcl_image_carousel_child photo=&#8221;https:\/\/www.taxi-meubles.ch\/wp-content\/uploads\/2022\/10\/team-8-web.jpg&#8221; _builder_version=&#8221;4.27.4&#8243; global_colors_info=&#8221;{}&#8221;][\/wdcl_image_carousel_child][wdcl_image_carousel_child photo=&#8221;https:\/\/www.taxi-meubles.ch\/wp-content\/uploads\/2023\/03\/Lift-Rolle-scaled.jpg&#8221; _builder_version=&#8221;4.27.4&#8243; global_colors_info=&#8221;{}&#8221;][\/wdcl_image_carousel_child][wdcl_image_carousel_child photo=&#8221;https:\/\/www.taxi-meubles.ch\/wp-content\/uploads\/2022\/10\/team-6-paysage.jpg&#8221; _builder_version=&#8221;4.27.4&#8243; global_colors_info=&#8221;{}&#8221;][\/wdcl_image_carousel_child][wdcl_image_carousel_child photo=&#8221;https:\/\/www.taxi-meubles.ch\/wp-content\/uploads\/2023\/04\/1.jpg&#8221; _builder_version=&#8221;4.27.4&#8243; global_colors_info=&#8221;{}&#8221;][\/wdcl_image_carousel_child][wdcl_image_carousel_child photo=&#8221;https:\/\/www.taxi-meubles.ch\/wp-content\/uploads\/2022\/10\/team-3-1.jpg&#8221; _builder_version=&#8221;4.27.4&#8243; global_colors_info=&#8221;{}&#8221;][\/wdcl_image_carousel_child][wdcl_image_carousel_child photo=&#8221;https:\/\/www.taxi-meubles.ch\/wp-content\/uploads\/2022\/10\/national_2.jpg&#8221; _builder_version=&#8221;4.27.4&#8243; global_colors_info=&#8221;{}&#8221;][\/wdcl_image_carousel_child][\/wdcl_image_carousel][\/et_pb_column][et_pb_column type=&#8221;1_4&#8243; _builder_version=&#8221;4.27.4&#8243; _module_preset=&#8221;default&#8221; global_colors_info=&#8221;{}&#8221;][\/et_pb_column][et_pb_column type=&#8221;1_4&#8243; _builder_version=&#8221;4.27.4&#8243; _module_preset=&#8221;default&#8221; global_colors_info=&#8221;{}&#8221;][\/et_pb_column][et_pb_column type=&#8221;1_4&#8243; _builder_version=&#8221;4.27.4&#8243; _module_preset=&#8221;default&#8221; global_colors_info=&#8221;{}&#8221;][\/et_pb_column][\/et_pb_row][et_pb_row _builder_version=&#8221;4.18.0&#8243; _module_preset=&#8221;default&#8221; global_colors_info=&#8221;{}&#8221;][et_pb_column type=&#8221;4_4&#8243; _builder_version=&#8221;4.18.0&#8243; _module_preset=&#8221;default&#8221; global_colors_info=&#8221;{}&#8221;][et_pb_text _builder_version=&#8221;4.27.4&#8243; _module_preset=&#8221;default&#8221; text_font_size=&#8221;20px&#8221; global_colors_info=&#8221;{}&#8221;]<\/p>\n<p style=\"text-align: center;\">Our quotes are free and no extra charges guaranteed.<br \/>Do not hesitate to contact us!<\/p>\n<p style=\"text-align: center;\">[\/et_pb_text][et_pb_button button_url=&#8221;https:\/\/www.taxi-meubles.ch\/devis\/formulaire-de-demenagement\/&#8221; button_text=&#8221;Ask for a quote!&#8221; button_alignment=&#8221;center&#8221; _builder_version=&#8221;4.18.0&#8243; _module_preset=&#8221;default&#8221; custom_button=&#8221;on&#8221; button_bg_color=&#8221;#C42815&#8243; button_border_color=&#8221;#C42815&#8243; button_use_icon=&#8221;off&#8221; global_colors_info=&#8221;{}&#8221; button_bg_color__hover_enabled=&#8221;on|desktop&#8221; button_bg_color__hover=&#8221;#FFFFFF&#8221; button_text_color__hover_enabled=&#8221;on|hover&#8221; button_text_color__hover=&#8221;#C42815&#8243; button_bg_enable_color__hover=&#8221;on&#8221;][\/et_pb_button][et_pb_gallery _builder_version=&#8221;4.27.4&#8243; _module_preset=&#8221;default&#8221; global_colors_info=&#8221;{}&#8221;][\/et_pb_gallery][\/et_pb_column][\/et_pb_row][\/et_pb_section]<\/p>\n","protected":false},"excerpt":{"rendered":"<p>Swiss relocations and furniture storage &nbsp; At Taxi-Meubles SA, relocation specialist in Switzerland, we offer a complete range of services to meet all your removal, storage and furniture recycling needs. Try out our digital \u2018Man and Van\u2019 service in just 3 clicks. Whether you&#8217;re organising a local move in Switzerland, a transfer abroad, or looking [&hellip;]<\/p>\n","protected":false},"author":3,"featured_media":0,"parent":0,"menu_order":0,"comment_status":"closed","ping_status":"closed","template":"","meta":{"_et_pb_use_builder":"on","_et_pb_old_content":"","_et_gb_content_width":"","footnotes":""},"class_list":["post-488","page","type-page","status-publish","hentry"],"yoast_head":"<!-- This site is optimized with the Yoast SEO plugin v27.1.1 - https:\/\/yoast.com\/product\/yoast-seo-wordpress\/ -->\n<title>Services - Taxi Meubles<\/title>\n<meta name=\"description\" content=\"We offers national and international moves, company relocation, storage, man &amp; van, furniture recycling. Detailed free quote.\" \/>\n<meta name=\"robots\" content=\"index, follow, max-snippet:-1, max-image-preview:large, max-video-preview:-1\" \/>\n<link rel=\"canonical\" href=\"https:\/\/www.taxi-meubles.ch\/en\/\" \/>\n<meta property=\"og:locale\" content=\"en_US\" \/>\n<meta property=\"og:type\" content=\"article\" \/>\n<meta property=\"og:title\" content=\"Services - Taxi Meubles\" \/>\n<meta property=\"og:description\" content=\"We offers national and international moves, company relocation, storage, man &amp; van, furniture recycling. Detailed free quote.\" \/>\n<meta property=\"og:url\" content=\"https:\/\/www.taxi-meubles.ch\/en\/\" \/>\n<meta property=\"og:site_name\" content=\"Taxi Meubles\" \/>\n<meta property=\"article:publisher\" content=\"https:\/\/www.facebook.com\/Duperrex-Frres-Taxi-Meubles-408761332652693\/\" \/>\n<meta property=\"article:modified_time\" content=\"2025-03-26T14:43:23+00:00\" \/>\n<meta name=\"twitter:card\" content=\"summary_large_image\" \/>\n<meta name=\"twitter:label1\" content=\"Est. reading time\" \/>\n\t<meta name=\"twitter:data1\" content=\"3 minutes\" \/>\n<script type=\"application\/ld+json\" class=\"yoast-schema-graph\">{\"@context\":\"https:\/\/schema.org\",\"@graph\":[{\"@type\":\"WebPage\",\"@id\":\"https:\/\/www.taxi-meubles.ch\/en\/\",\"url\":\"https:\/\/www.taxi-meubles.ch\/en\/\",\"name\":\"Services - Taxi Meubles\",\"isPartOf\":{\"@id\":\"https:\/\/www.taxi-meubles.ch\/fr\/#website\"},\"datePublished\":\"2022-10-19T09:58:05+00:00\",\"dateModified\":\"2025-03-26T14:43:23+00:00\",\"description\":\"We offers national and international moves, company relocation, storage, man & van, furniture recycling. Detailed free quote.\",\"breadcrumb\":{\"@id\":\"https:\/\/www.taxi-meubles.ch\/en\/#breadcrumb\"},\"inLanguage\":\"en-US\",\"potentialAction\":[{\"@type\":\"ReadAction\",\"target\":[\"https:\/\/www.taxi-meubles.ch\/en\/\"]}]},{\"@type\":\"BreadcrumbList\",\"@id\":\"https:\/\/www.taxi-meubles.ch\/en\/#breadcrumb\",\"itemListElement\":[{\"@type\":\"ListItem\",\"position\":1,\"name\":\"Accueil\",\"item\":\"https:\/\/www.taxi-meubles.ch\/en\/\"},{\"@type\":\"ListItem\",\"position\":2,\"name\":\"Services\"}]},{\"@type\":\"WebSite\",\"@id\":\"https:\/\/www.taxi-meubles.ch\/fr\/#website\",\"url\":\"https:\/\/www.taxi-meubles.ch\/fr\/\",\"name\":\"Taxi Meubles\",\"description\":\"\u00c7a d\u00e9m\u00e9nage !\",\"publisher\":{\"@id\":\"https:\/\/www.taxi-meubles.ch\/fr\/#organization\"},\"potentialAction\":[{\"@type\":\"SearchAction\",\"target\":{\"@type\":\"EntryPoint\",\"urlTemplate\":\"https:\/\/www.taxi-meubles.ch\/fr\/?s={search_term_string}\"},\"query-input\":{\"@type\":\"PropertyValueSpecification\",\"valueRequired\":true,\"valueName\":\"search_term_string\"}}],\"inLanguage\":\"en-US\"},{\"@type\":\"Organization\",\"@id\":\"https:\/\/www.taxi-meubles.ch\/fr\/#organization\",\"name\":\"Taxi Meubles SA\",\"url\":\"https:\/\/www.taxi-meubles.ch\/fr\/\",\"logo\":{\"@type\":\"ImageObject\",\"inLanguage\":\"en-US\",\"@id\":\"https:\/\/www.taxi-meubles.ch\/fr\/#\/schema\/logo\/image\/\",\"url\":\"https:\/\/www.taxi-meubles.ch\/wp-content\/uploads\/2022\/10\/taxi-meubles-logo-600.png\",\"contentUrl\":\"https:\/\/www.taxi-meubles.ch\/wp-content\/uploads\/2022\/10\/taxi-meubles-logo-600.png\",\"width\":596,\"height\":131,\"caption\":\"Taxi Meubles SA\"},\"image\":{\"@id\":\"https:\/\/www.taxi-meubles.ch\/fr\/#\/schema\/logo\/image\/\"},\"sameAs\":[\"https:\/\/www.facebook.com\/Duperrex-Frres-Taxi-Meubles-408761332652693\/\",\"https:\/\/www.linkedin.com\/company\/11111557\/\"]}]}<\/script>\n<!-- \/ Yoast SEO plugin. -->","yoast_head_json":{"title":"Services - Taxi Meubles","description":"We offers national and international moves, company relocation, storage, man & van, furniture recycling. Detailed free quote.","robots":{"index":"index","follow":"follow","max-snippet":"max-snippet:-1","max-image-preview":"max-image-preview:large","max-video-preview":"max-video-preview:-1"},"canonical":"https:\/\/www.taxi-meubles.ch\/en\/","og_locale":"en_US","og_type":"article","og_title":"Services - Taxi Meubles","og_description":"We offers national and international moves, company relocation, storage, man & van, furniture recycling. Detailed free quote.","og_url":"https:\/\/www.taxi-meubles.ch\/en\/","og_site_name":"Taxi Meubles","article_publisher":"https:\/\/www.facebook.com\/Duperrex-Frres-Taxi-Meubles-408761332652693\/","article_modified_time":"2025-03-26T14:43:23+00:00","twitter_card":"summary_large_image","twitter_misc":{"Est. reading time":"3 minutes"},"schema":{"@context":"https:\/\/schema.org","@graph":[{"@type":"WebPage","@id":"https:\/\/www.taxi-meubles.ch\/en\/","url":"https:\/\/www.taxi-meubles.ch\/en\/","name":"Services - Taxi Meubles","isPartOf":{"@id":"https:\/\/www.taxi-meubles.ch\/fr\/#website"},"datePublished":"2022-10-19T09:58:05+00:00","dateModified":"2025-03-26T14:43:23+00:00","description":"We offers national and international moves, company relocation, storage, man & van, furniture recycling. Detailed free quote.","breadcrumb":{"@id":"https:\/\/www.taxi-meubles.ch\/en\/#breadcrumb"},"inLanguage":"en-US","potentialAction":[{"@type":"ReadAction","target":["https:\/\/www.taxi-meubles.ch\/en\/"]}]},{"@type":"BreadcrumbList","@id":"https:\/\/www.taxi-meubles.ch\/en\/#breadcrumb","itemListElement":[{"@type":"ListItem","position":1,"name":"Accueil","item":"https:\/\/www.taxi-meubles.ch\/en\/"},{"@type":"ListItem","position":2,"name":"Services"}]},{"@type":"WebSite","@id":"https:\/\/www.taxi-meubles.ch\/fr\/#website","url":"https:\/\/www.taxi-meubles.ch\/fr\/","name":"Taxi Meubles","description":"\u00c7a d\u00e9m\u00e9nage !","publisher":{"@id":"https:\/\/www.taxi-meubles.ch\/fr\/#organization"},"potentialAction":[{"@type":"SearchAction","target":{"@type":"EntryPoint","urlTemplate":"https:\/\/www.taxi-meubles.ch\/fr\/?s={search_term_string}"},"query-input":{"@type":"PropertyValueSpecification","valueRequired":true,"valueName":"search_term_string"}}],"inLanguage":"en-US"},{"@type":"Organization","@id":"https:\/\/www.taxi-meubles.ch\/fr\/#organization","name":"Taxi Meubles SA","url":"https:\/\/www.taxi-meubles.ch\/fr\/","logo":{"@type":"ImageObject","inLanguage":"en-US","@id":"https:\/\/www.taxi-meubles.ch\/fr\/#\/schema\/logo\/image\/","url":"https:\/\/www.taxi-meubles.ch\/wp-content\/uploads\/2022\/10\/taxi-meubles-logo-600.png","contentUrl":"https:\/\/www.taxi-meubles.ch\/wp-content\/uploads\/2022\/10\/taxi-meubles-logo-600.png","width":596,"height":131,"caption":"Taxi Meubles SA"},"image":{"@id":"https:\/\/www.taxi-meubles.ch\/fr\/#\/schema\/logo\/image\/"},"sameAs":["https:\/\/www.facebook.com\/Duperrex-Frres-Taxi-Meubles-408761332652693\/","https:\/\/www.linkedin.com\/company\/11111557\/"]}]}},"_links":{"self":[{"href":"https:\/\/www.taxi-meubles.ch\/en\/wp-json\/wp\/v2\/pages\/488","targetHints":{"allow":["GET"]}}],"collection":[{"href":"https:\/\/www.taxi-meubles.ch\/en\/wp-json\/wp\/v2\/pages"}],"about":[{"href":"https:\/\/www.taxi-meubles.ch\/en\/wp-json\/wp\/v2\/types\/page"}],"author":[{"embeddable":true,"href":"https:\/\/www.taxi-meubles.ch\/en\/wp-json\/wp\/v2\/users\/3"}],"replies":[{"embeddable":true,"href":"https:\/\/www.taxi-meubles.ch\/en\/wp-json\/wp\/v2\/comments?post=488"}],"version-history":[{"count":27,"href":"https:\/\/www.taxi-meubles.ch\/en\/wp-json\/wp\/v2\/pages\/488\/revisions"}],"predecessor-version":[{"id":1627,"href":"https:\/\/www.taxi-meubles.ch\/en\/wp-json\/wp\/v2\/pages\/488\/revisions\/1627"}],"wp:attachment":[{"href":"https:\/\/www.taxi-meubles.ch\/en\/wp-json\/wp\/v2\/media?parent=488"}],"curies":[{"name":"wp","href":"https:\/\/api.w.org\/{rel}","templated":true}]}}