{"id":486,"date":"2022-10-19T13:22:28","date_gmt":"2022-10-19T11:22:28","guid":{"rendered":"https:\/\/www.taxi-meubles.ch\/furniture-recycling\/"},"modified":"2025-03-14T14:22:59","modified_gmt":"2025-03-14T13:22:59","slug":"furniture-recycling","status":"publish","type":"page","link":"https:\/\/www.taxi-meubles.ch\/en\/furniture-recycling\/","title":{"rendered":"Furniture Recycling"},"content":{"rendered":"<p>[et_pb_section fb_built=&#8221;1&#8243; _builder_version=&#8221;4.20.2&#8243; _module_preset=&#8221;default&#8221; background_color=&#8221;RGBA(255,255,255,0)&#8221; background_image=&#8221;https:\/\/www.taxi-meubles.ch\/wp-content\/uploads\/2022\/10\/recycle-dark.png&#8221; background_size=&#8221;contain&#8221; background_position=&#8221;top_center&#8221; background_blend=&#8221;hard-light&#8221; min_height=&#8221;400px&#8221; background_last_edited=&#8221;on|phone&#8221; global_colors_info=&#8221;{}&#8221;][\/et_pb_section][et_pb_section fb_built=&#8221;1&#8243; _builder_version=&#8221;4.18.0&#8243; _module_preset=&#8221;default&#8221; custom_padding=&#8221;19px|||||&#8221; global_colors_info=&#8221;{}&#8221;][et_pb_row _builder_version=&#8221;4.18.0&#8243; _module_preset=&#8221;default&#8221; global_colors_info=&#8221;{}&#8221;][et_pb_column type=&#8221;4_4&#8243; _builder_version=&#8221;4.18.0&#8243; _module_preset=&#8221;default&#8221; global_colors_info=&#8221;{}&#8221;][et_pb_text _builder_version=&#8221;4.27.4&#8243; _module_preset=&#8221;default&#8221; header_text_color=&#8221;#FFFFFF&#8221; hover_enabled=&#8221;0&#8243; global_colors_info=&#8221;{}&#8221; sticky_enabled=&#8221;0&#8243;]<\/p>\n<h2 style=\"text-align: center;\">Furniture disposal and recycling with Taxi-Meubles SA<\/h2>\n<p>[\/et_pb_text][et_pb_text _builder_version=&#8221;4.27.4&#8243; _module_preset=&#8221;default&#8221; width=&#8221;80%&#8221; module_alignment=&#8221;center&#8221; hover_enabled=&#8221;0&#8243; global_colors_info=&#8221;{}&#8221; sticky_enabled=&#8221;0&#8243;]<\/p>\n<h3><span>Service \u00e9cologique et solidaire<\/span><\/h3>\n<p><span><\/span><\/p>\n<p><span>Give a second life to your unused furniture and reduce your environmental impact with Taxi-Meubles SA&#8217;s furniture disposal and recycling service. By redistributing your furniture to local charities, we make ecology rhyme with solidarity.<\/span><\/p>\n<p><span><\/span><\/p>\n<h3><span>Why choose our furniture removal and recycling service?<\/span><\/h3>\n<p><span><\/span><\/p>\n<ul>\n<li><span><strong>Solidarity reuse:<\/strong> Turn your unused furniture into opportunities by supporting local charities.<\/span><\/li>\n<li><span><strong>We take care of everything<\/strong>: dismantling, transport and removal, without you having to be involved.\u00a0<\/span><\/li>\n<li><span><strong>Detail-planned service:<\/strong> A fast, practical service designed to simplify your procedures.<\/span><\/li>\n<\/ul>\n<h3><span>How does it work?<\/span><\/h3>\n<ol>\n<li><span><strong>Assess your needs:<\/strong> Contact us for a quick, no-obligation quotation.\u00a0<\/span><\/li>\n<li><span><strong>Dismantling and transport:<\/strong> Our professional teams take care of every step of the process.<\/span><\/li>\n<li><span><strong>Redistribution or recycling:<\/strong> Your usable furniture is donated to associations, while the rest is recycled in an environmentally-friendly way.<\/span><\/li>\n<\/ol>\n<h3><span>The benefits of furniture disposal and recycling<\/span><\/h3>\n<p><span><\/span><\/p>\n<p>When you choose Taxi-Meubles SA, you benefit from a service that combines solidarity and respect for the environment, while simplifying your procedures thanks to our expertise.<\/p>\n<p>Together, let&#8217;s build a more sustainable future through responsible and efficient solutions. Find out more about good recycling practices on the official website of the <a href=\"https:\/\/www.vd.ch\/environnement\/durabilite-et-climat\" target=\"_blank\" rel=\"noopener\">Canton of Vaud<\/a>.<\/p>\n<p>&nbsp;<\/p>\n<p><strong>Contact Taxi-Meubles SA today<\/strong> for a detail-planned, environmentally-friendly and easy-to-implement service.<\/p>\n<p>[\/et_pb_text][et_pb_button button_url=&#8221;https:\/\/www.taxi-meubles.ch\/en\/contact-us\/&#8221; button_text=&#8221;Contact Us&#8221; button_alignment=&#8221;center&#8221; _builder_version=&#8221;4.18.0&#8243; _module_preset=&#8221;default&#8221; custom_button=&#8221;on&#8221; button_border_color=&#8221;#C42815&#8243; custom_margin=&#8221;50px||20px||false|false&#8221; global_colors_info=&#8221;{}&#8221;][\/et_pb_button][\/et_pb_column][\/et_pb_row][\/et_pb_section]<\/p>\n","protected":false},"excerpt":{"rendered":"<p>Furniture disposal and recycling with Taxi-Meubles SAService \u00e9cologique et solidaire Give a second life to your unused furniture and reduce your environmental impact with Taxi-Meubles SA&#8217;s furniture disposal and recycling service. By redistributing your furniture to local charities, we make ecology rhyme with solidarity. Why choose our furniture removal and recycling service? Solidarity reuse: Turn [&hellip;]<\/p>\n","protected":false},"author":3,"featured_media":0,"parent":0,"menu_order":0,"comment_status":"closed","ping_status":"closed","template":"","meta":{"_et_pb_use_builder":"on","_et_pb_old_content":"","_et_gb_content_width":"","footnotes":""},"class_list":["post-486","page","type-page","status-publish","hentry"],"yoast_head":"<!-- This site is optimized with the Yoast SEO plugin v27.1.1 - https:\/\/yoast.com\/product\/yoast-seo-wordpress\/ -->\n<title>Furniture Recycling - Taxi Meubles<\/title>\n<meta name=\"description\" content=\"Our furniture recycling service is the simple, fast and environmentally friendly solution.\" \/>\n<meta name=\"robots\" content=\"index, follow, max-snippet:-1, max-image-preview:large, max-video-preview:-1\" \/>\n<link rel=\"canonical\" href=\"https:\/\/www.taxi-meubles.ch\/en\/furniture-recycling\/\" \/>\n<meta property=\"og:locale\" content=\"en_US\" \/>\n<meta property=\"og:type\" content=\"article\" \/>\n<meta property=\"og:title\" content=\"Furniture Recycling - Taxi Meubles\" \/>\n<meta property=\"og:description\" content=\"Our furniture recycling service is the simple, fast and environmentally friendly solution.\" \/>\n<meta property=\"og:url\" content=\"https:\/\/www.taxi-meubles.ch\/en\/furniture-recycling\/\" \/>\n<meta property=\"og:site_name\" content=\"Taxi Meubles\" \/>\n<meta property=\"article:publisher\" content=\"https:\/\/www.facebook.com\/Duperrex-Frres-Taxi-Meubles-408761332652693\/\" \/>\n<meta property=\"article:modified_time\" content=\"2025-03-14T13:22:59+00:00\" \/>\n<meta name=\"twitter:card\" content=\"summary_large_image\" \/>\n<meta name=\"twitter:label1\" content=\"Est. reading time\" \/>\n\t<meta name=\"twitter:data1\" content=\"1 minute\" \/>\n<script type=\"application\/ld+json\" class=\"yoast-schema-graph\">{\"@context\":\"https:\/\/schema.org\",\"@graph\":[{\"@type\":\"WebPage\",\"@id\":\"https:\/\/www.taxi-meubles.ch\/en\/furniture-recycling\/\",\"url\":\"https:\/\/www.taxi-meubles.ch\/en\/furniture-recycling\/\",\"name\":\"Furniture Recycling - Taxi Meubles\",\"isPartOf\":{\"@id\":\"https:\/\/www.taxi-meubles.ch\/fr\/#website\"},\"datePublished\":\"2022-10-19T11:22:28+00:00\",\"dateModified\":\"2025-03-14T13:22:59+00:00\",\"description\":\"Our furniture recycling service is the simple, fast and environmentally friendly solution.\",\"breadcrumb\":{\"@id\":\"https:\/\/www.taxi-meubles.ch\/en\/furniture-recycling\/#breadcrumb\"},\"inLanguage\":\"en-US\",\"potentialAction\":[{\"@type\":\"ReadAction\",\"target\":[\"https:\/\/www.taxi-meubles.ch\/en\/furniture-recycling\/\"]}]},{\"@type\":\"BreadcrumbList\",\"@id\":\"https:\/\/www.taxi-meubles.ch\/en\/furniture-recycling\/#breadcrumb\",\"itemListElement\":[{\"@type\":\"ListItem\",\"position\":1,\"name\":\"Accueil\",\"item\":\"https:\/\/www.taxi-meubles.ch\/en\/\"},{\"@type\":\"ListItem\",\"position\":2,\"name\":\"Furniture Recycling\"}]},{\"@type\":\"WebSite\",\"@id\":\"https:\/\/www.taxi-meubles.ch\/fr\/#website\",\"url\":\"https:\/\/www.taxi-meubles.ch\/fr\/\",\"name\":\"Taxi Meubles\",\"description\":\"\u00c7a d\u00e9m\u00e9nage !\",\"publisher\":{\"@id\":\"https:\/\/www.taxi-meubles.ch\/fr\/#organization\"},\"potentialAction\":[{\"@type\":\"SearchAction\",\"target\":{\"@type\":\"EntryPoint\",\"urlTemplate\":\"https:\/\/www.taxi-meubles.ch\/fr\/?s={search_term_string}\"},\"query-input\":{\"@type\":\"PropertyValueSpecification\",\"valueRequired\":true,\"valueName\":\"search_term_string\"}}],\"inLanguage\":\"en-US\"},{\"@type\":\"Organization\",\"@id\":\"https:\/\/www.taxi-meubles.ch\/fr\/#organization\",\"name\":\"Taxi Meubles SA\",\"url\":\"https:\/\/www.taxi-meubles.ch\/fr\/\",\"logo\":{\"@type\":\"ImageObject\",\"inLanguage\":\"en-US\",\"@id\":\"https:\/\/www.taxi-meubles.ch\/fr\/#\/schema\/logo\/image\/\",\"url\":\"https:\/\/www.taxi-meubles.ch\/wp-content\/uploads\/2022\/10\/taxi-meubles-logo-600.png\",\"contentUrl\":\"https:\/\/www.taxi-meubles.ch\/wp-content\/uploads\/2022\/10\/taxi-meubles-logo-600.png\",\"width\":596,\"height\":131,\"caption\":\"Taxi Meubles SA\"},\"image\":{\"@id\":\"https:\/\/www.taxi-meubles.ch\/fr\/#\/schema\/logo\/image\/\"},\"sameAs\":[\"https:\/\/www.facebook.com\/Duperrex-Frres-Taxi-Meubles-408761332652693\/\",\"https:\/\/www.linkedin.com\/company\/11111557\/\"]}]}<\/script>\n<!-- \/ Yoast SEO plugin. -->","yoast_head_json":{"title":"Furniture Recycling - Taxi Meubles","description":"Our furniture recycling service is the simple, fast and environmentally friendly solution.","robots":{"index":"index","follow":"follow","max-snippet":"max-snippet:-1","max-image-preview":"max-image-preview:large","max-video-preview":"max-video-preview:-1"},"canonical":"https:\/\/www.taxi-meubles.ch\/en\/furniture-recycling\/","og_locale":"en_US","og_type":"article","og_title":"Furniture Recycling - Taxi Meubles","og_description":"Our furniture recycling service is the simple, fast and environmentally friendly solution.","og_url":"https:\/\/www.taxi-meubles.ch\/en\/furniture-recycling\/","og_site_name":"Taxi Meubles","article_publisher":"https:\/\/www.facebook.com\/Duperrex-Frres-Taxi-Meubles-408761332652693\/","article_modified_time":"2025-03-14T13:22:59+00:00","twitter_card":"summary_large_image","twitter_misc":{"Est. reading time":"1 minute"},"schema":{"@context":"https:\/\/schema.org","@graph":[{"@type":"WebPage","@id":"https:\/\/www.taxi-meubles.ch\/en\/furniture-recycling\/","url":"https:\/\/www.taxi-meubles.ch\/en\/furniture-recycling\/","name":"Furniture Recycling - Taxi Meubles","isPartOf":{"@id":"https:\/\/www.taxi-meubles.ch\/fr\/#website"},"datePublished":"2022-10-19T11:22:28+00:00","dateModified":"2025-03-14T13:22:59+00:00","description":"Our furniture recycling service is the simple, fast and environmentally friendly solution.","breadcrumb":{"@id":"https:\/\/www.taxi-meubles.ch\/en\/furniture-recycling\/#breadcrumb"},"inLanguage":"en-US","potentialAction":[{"@type":"ReadAction","target":["https:\/\/www.taxi-meubles.ch\/en\/furniture-recycling\/"]}]},{"@type":"BreadcrumbList","@id":"https:\/\/www.taxi-meubles.ch\/en\/furniture-recycling\/#breadcrumb","itemListElement":[{"@type":"ListItem","position":1,"name":"Accueil","item":"https:\/\/www.taxi-meubles.ch\/en\/"},{"@type":"ListItem","position":2,"name":"Furniture Recycling"}]},{"@type":"WebSite","@id":"https:\/\/www.taxi-meubles.ch\/fr\/#website","url":"https:\/\/www.taxi-meubles.ch\/fr\/","name":"Taxi Meubles","description":"\u00c7a d\u00e9m\u00e9nage !","publisher":{"@id":"https:\/\/www.taxi-meubles.ch\/fr\/#organization"},"potentialAction":[{"@type":"SearchAction","target":{"@type":"EntryPoint","urlTemplate":"https:\/\/www.taxi-meubles.ch\/fr\/?s={search_term_string}"},"query-input":{"@type":"PropertyValueSpecification","valueRequired":true,"valueName":"search_term_string"}}],"inLanguage":"en-US"},{"@type":"Organization","@id":"https:\/\/www.taxi-meubles.ch\/fr\/#organization","name":"Taxi Meubles SA","url":"https:\/\/www.taxi-meubles.ch\/fr\/","logo":{"@type":"ImageObject","inLanguage":"en-US","@id":"https:\/\/www.taxi-meubles.ch\/fr\/#\/schema\/logo\/image\/","url":"https:\/\/www.taxi-meubles.ch\/wp-content\/uploads\/2022\/10\/taxi-meubles-logo-600.png","contentUrl":"https:\/\/www.taxi-meubles.ch\/wp-content\/uploads\/2022\/10\/taxi-meubles-logo-600.png","width":596,"height":131,"caption":"Taxi Meubles SA"},"image":{"@id":"https:\/\/www.taxi-meubles.ch\/fr\/#\/schema\/logo\/image\/"},"sameAs":["https:\/\/www.facebook.com\/Duperrex-Frres-Taxi-Meubles-408761332652693\/","https:\/\/www.linkedin.com\/company\/11111557\/"]}]}},"_links":{"self":[{"href":"https:\/\/www.taxi-meubles.ch\/en\/wp-json\/wp\/v2\/pages\/486","targetHints":{"allow":["GET"]}}],"collection":[{"href":"https:\/\/www.taxi-meubles.ch\/en\/wp-json\/wp\/v2\/pages"}],"about":[{"href":"https:\/\/www.taxi-meubles.ch\/en\/wp-json\/wp\/v2\/types\/page"}],"author":[{"embeddable":true,"href":"https:\/\/www.taxi-meubles.ch\/en\/wp-json\/wp\/v2\/users\/3"}],"replies":[{"embeddable":true,"href":"https:\/\/www.taxi-meubles.ch\/en\/wp-json\/wp\/v2\/comments?post=486"}],"version-history":[{"count":13,"href":"https:\/\/www.taxi-meubles.ch\/en\/wp-json\/wp\/v2\/pages\/486\/revisions"}],"predecessor-version":[{"id":1614,"href":"https:\/\/www.taxi-meubles.ch\/en\/wp-json\/wp\/v2\/pages\/486\/revisions\/1614"}],"wp:attachment":[{"href":"https:\/\/www.taxi-meubles.ch\/en\/wp-json\/wp\/v2\/media?parent=486"}],"curies":[{"name":"wp","href":"https:\/\/api.w.org\/{rel}","templated":true}]}}