{"id":1024,"date":"2022-10-19T11:21:42","date_gmt":"2022-10-19T09:21:42","guid":{"rendered":"https:\/\/www.taxi-meubles.ch\/conditions-generales\/"},"modified":"2024-12-30T16:06:17","modified_gmt":"2024-12-30T15:06:17","slug":"politique-confidentialite","status":"publish","type":"page","link":"https:\/\/www.taxi-meubles.ch\/en\/politique-confidentialite\/","title":{"rendered":"Politique de confidentialit\u00e9"},"content":{"rendered":"<p>[et_pb_section fb_built=&#8221;1&#8243; _builder_version=&#8221;4.18.0&#8243; _module_preset=&#8221;default&#8221; global_colors_info=&#8221;{}&#8221;][et_pb_row module_id=&#8221;polconf&#8221; _builder_version=&#8221;4.19.2&#8243; _module_preset=&#8221;default&#8221; background_color=&#8221;#F3F3F3&#8243; custom_margin=&#8221;50px||70px||false|false&#8221; custom_padding=&#8221;|20px||20px|false|false&#8221; global_colors_info=&#8221;{}&#8221;][et_pb_column type=&#8221;4_4&#8243; _builder_version=&#8221;4.18.0&#8243; _module_preset=&#8221;default&#8221; global_colors_info=&#8221;{}&#8221;][et_pb_text _builder_version=&#8221;4.18.0&#8243; _module_preset=&#8221;default&#8221; header_text_color=&#8221;#C42815&#8243; header_2_text_color=&#8221;#C42815&#8243; global_colors_info=&#8221;{}&#8221;]<\/p>\n<h2>Politique de confidentialit\u00e9<\/h2>\n<p>[\/et_pb_text][et_pb_text _builder_version=&#8221;4.18.0&#8243; _module_preset=&#8221;default&#8221; global_colors_info=&#8221;{}&#8221;]<\/p>\n<p style=\"text-align: justify;\">Taxi-Meubles SA collecte uniquement les donn\u00e9es personnelles n\u00e9cessaires \u00e0 son activit\u00e9 et les utilise exclusivement \u00e0 des fins professionnelles.<\/p>\n<p style=\"text-align: justify;\">Ces informations sont stock\u00e9es sur un serveur interne s\u00e9curis\u00e9. Les donn\u00e9es r\u00e9colt\u00e9es au travers de notre plateforme \u00ab Man and Van \u00bb sont \u00e9galement stock\u00e9es sur les serveurs de notre h\u00e9bergeur, dans des centres de donn\u00e9es situ\u00e9s en Suisse.<\/p>\n<p style=\"text-align: justify;\">Afin d\u2019assurer le bon d\u00e9roulement de ses activit\u00e9s, Taxi-Meubles SA peut transmettre des donn\u00e9es personnelles \u00e0 ses soci\u00e9t\u00e9s partenaires. Toutefois, ces donn\u00e9es ne sont pas transmises \u00e0 des personnes ou des entreprises non autoris\u00e9es.<\/p>\n<p style=\"text-align: justify;\">Nous appr\u00e9cions la confiance que vous nous t\u00e9moignez en nous confiant vos informations personnelles et mettons, d\u00e8s lors, tout en oeuvre pour les prot\u00e9ger. N\u00e9anmoins, rappelez-vous qu\u2019aucun moyen d\u2019\u00e9change de donn\u00e9es par internet ou de stockage \u00e9lectronique n\u2019est s\u00fbre et fiable \u00e0 100% et nous ne pouvons garantir une s\u00e9curit\u00e9 absolue.<\/p>\n<p style=\"text-align: justify;\">Vous avez \u00e0 tout moment la possibilit\u00e9 de nous contacter pour conna\u00eetre vos donn\u00e9es personnelles dont nous disposons et, si n\u00e9cessaire, nous demander de les supprimer (chose que nous ferons imm\u00e9diatement).<\/p>\n<p style=\"text-align: justify;\">Sur notre site internet, vous trouverez des liens qui vous redirigent sur d\u2019autres sites internet. Tous ne sont pas op\u00e9r\u00e9s par Taxi-Meubles SA. Nous vous recommandons donc vivement de consulter leur politique de confidentialit\u00e9.<\/p>\n<p style=\"text-align: justify;\">Nous pouvons mettre \u00e0 jour notre politique de confidentialit\u00e9 de fa\u00e7on ponctuelle. D\u00e8s lors, nous vous recommandons de la parcourir p\u00e9riodiquement pour \u00eatre inform\u00e9 de tout changement.<\/p>\n<p style=\"text-align: justify;\">Pour toute question ou suggestion en lien avec notre politique de confidentialit\u00e9, n\u2019h\u00e9sitez pas \u00e0 nous contacter.<\/p>\n<p>[\/et_pb_text][\/et_pb_column][\/et_pb_row][\/et_pb_section]<\/p>\n","protected":false},"excerpt":{"rendered":"<p>Politique de confidentialit\u00e9Taxi-Meubles SA collecte uniquement les donn\u00e9es personnelles n\u00e9cessaires \u00e0 son activit\u00e9 et les utilise exclusivement \u00e0 des fins professionnelles. Ces informations sont stock\u00e9es sur un serveur interne s\u00e9curis\u00e9. Les donn\u00e9es r\u00e9colt\u00e9es au travers de notre plateforme \u00ab Man and Van \u00bb sont \u00e9galement stock\u00e9es sur les serveurs de notre h\u00e9bergeur, dans des centres [&hellip;]<\/p>\n","protected":false},"author":3,"featured_media":0,"parent":0,"menu_order":0,"comment_status":"closed","ping_status":"closed","template":"","meta":{"_et_pb_use_builder":"on","_et_pb_old_content":"","_et_gb_content_width":"","footnotes":""},"class_list":["post-1024","page","type-page","status-publish","hentry"],"yoast_head":"<!-- This site is optimized with the Yoast SEO plugin v27.1.1 - https:\/\/yoast.com\/product\/yoast-seo-wordpress\/ -->\n<title>Politique de confidentialit\u00e9 - Taxi Meubles<\/title>\n<meta name=\"robots\" content=\"index, follow, max-snippet:-1, max-image-preview:large, max-video-preview:-1\" \/>\n<link rel=\"canonical\" href=\"https:\/\/www.taxi-meubles.ch\/en\/politique-confidentialite\/\" \/>\n<meta property=\"og:locale\" content=\"en_US\" \/>\n<meta property=\"og:type\" content=\"article\" \/>\n<meta property=\"og:title\" content=\"Politique de confidentialit\u00e9 - Taxi Meubles\" \/>\n<meta property=\"og:description\" content=\"Politique de confidentialit\u00e9Taxi-Meubles SA collecte uniquement les donn\u00e9es personnelles n\u00e9cessaires \u00e0 son activit\u00e9 et les utilise exclusivement \u00e0 des fins professionnelles. Ces informations sont stock\u00e9es sur un serveur interne s\u00e9curis\u00e9. Les donn\u00e9es r\u00e9colt\u00e9es au travers de notre plateforme \u00ab Man and Van \u00bb sont \u00e9galement stock\u00e9es sur les serveurs de notre h\u00e9bergeur, dans des centres [&hellip;]\" \/>\n<meta property=\"og:url\" content=\"https:\/\/www.taxi-meubles.ch\/en\/politique-confidentialite\/\" \/>\n<meta property=\"og:site_name\" content=\"Taxi Meubles\" \/>\n<meta property=\"article:publisher\" content=\"https:\/\/www.facebook.com\/Duperrex-Frres-Taxi-Meubles-408761332652693\/\" \/>\n<meta property=\"article:modified_time\" content=\"2024-12-30T15:06:17+00:00\" \/>\n<meta name=\"twitter:card\" content=\"summary_large_image\" \/>\n<meta name=\"twitter:label1\" content=\"Est. reading time\" \/>\n\t<meta name=\"twitter:data1\" content=\"2 minutes\" \/>\n<script type=\"application\/ld+json\" class=\"yoast-schema-graph\">{\"@context\":\"https:\/\/schema.org\",\"@graph\":[{\"@type\":\"WebPage\",\"@id\":\"https:\/\/www.taxi-meubles.ch\/en\/politique-confidentialite\/\",\"url\":\"https:\/\/www.taxi-meubles.ch\/en\/politique-confidentialite\/\",\"name\":\"Politique de confidentialit\u00e9 - Taxi Meubles\",\"isPartOf\":{\"@id\":\"https:\/\/www.taxi-meubles.ch\/fr\/#website\"},\"datePublished\":\"2022-10-19T09:21:42+00:00\",\"dateModified\":\"2024-12-30T15:06:17+00:00\",\"breadcrumb\":{\"@id\":\"https:\/\/www.taxi-meubles.ch\/en\/politique-confidentialite\/#breadcrumb\"},\"inLanguage\":\"en-US\",\"potentialAction\":[{\"@type\":\"ReadAction\",\"target\":[\"https:\/\/www.taxi-meubles.ch\/en\/politique-confidentialite\/\"]}]},{\"@type\":\"BreadcrumbList\",\"@id\":\"https:\/\/www.taxi-meubles.ch\/en\/politique-confidentialite\/#breadcrumb\",\"itemListElement\":[{\"@type\":\"ListItem\",\"position\":1,\"name\":\"Accueil\",\"item\":\"https:\/\/www.taxi-meubles.ch\/en\/\"},{\"@type\":\"ListItem\",\"position\":2,\"name\":\"Politique de confidentialit\u00e9\"}]},{\"@type\":\"WebSite\",\"@id\":\"https:\/\/www.taxi-meubles.ch\/fr\/#website\",\"url\":\"https:\/\/www.taxi-meubles.ch\/fr\/\",\"name\":\"Taxi Meubles\",\"description\":\"\u00c7a d\u00e9m\u00e9nage !\",\"publisher\":{\"@id\":\"https:\/\/www.taxi-meubles.ch\/fr\/#organization\"},\"potentialAction\":[{\"@type\":\"SearchAction\",\"target\":{\"@type\":\"EntryPoint\",\"urlTemplate\":\"https:\/\/www.taxi-meubles.ch\/fr\/?s={search_term_string}\"},\"query-input\":{\"@type\":\"PropertyValueSpecification\",\"valueRequired\":true,\"valueName\":\"search_term_string\"}}],\"inLanguage\":\"en-US\"},{\"@type\":\"Organization\",\"@id\":\"https:\/\/www.taxi-meubles.ch\/fr\/#organization\",\"name\":\"Taxi Meubles SA\",\"url\":\"https:\/\/www.taxi-meubles.ch\/fr\/\",\"logo\":{\"@type\":\"ImageObject\",\"inLanguage\":\"en-US\",\"@id\":\"https:\/\/www.taxi-meubles.ch\/fr\/#\/schema\/logo\/image\/\",\"url\":\"https:\/\/www.taxi-meubles.ch\/wp-content\/uploads\/2022\/10\/taxi-meubles-logo-600.png\",\"contentUrl\":\"https:\/\/www.taxi-meubles.ch\/wp-content\/uploads\/2022\/10\/taxi-meubles-logo-600.png\",\"width\":596,\"height\":131,\"caption\":\"Taxi Meubles SA\"},\"image\":{\"@id\":\"https:\/\/www.taxi-meubles.ch\/fr\/#\/schema\/logo\/image\/\"},\"sameAs\":[\"https:\/\/www.facebook.com\/Duperrex-Frres-Taxi-Meubles-408761332652693\/\",\"https:\/\/www.linkedin.com\/company\/11111557\/\"]}]}<\/script>\n<!-- \/ Yoast SEO plugin. -->","yoast_head_json":{"title":"Politique de confidentialit\u00e9 - Taxi Meubles","robots":{"index":"index","follow":"follow","max-snippet":"max-snippet:-1","max-image-preview":"max-image-preview:large","max-video-preview":"max-video-preview:-1"},"canonical":"https:\/\/www.taxi-meubles.ch\/en\/politique-confidentialite\/","og_locale":"en_US","og_type":"article","og_title":"Politique de confidentialit\u00e9 - Taxi Meubles","og_description":"Politique de confidentialit\u00e9Taxi-Meubles SA collecte uniquement les donn\u00e9es personnelles n\u00e9cessaires \u00e0 son activit\u00e9 et les utilise exclusivement \u00e0 des fins professionnelles. Ces informations sont stock\u00e9es sur un serveur interne s\u00e9curis\u00e9. Les donn\u00e9es r\u00e9colt\u00e9es au travers de notre plateforme \u00ab Man and Van \u00bb sont \u00e9galement stock\u00e9es sur les serveurs de notre h\u00e9bergeur, dans des centres [&hellip;]","og_url":"https:\/\/www.taxi-meubles.ch\/en\/politique-confidentialite\/","og_site_name":"Taxi Meubles","article_publisher":"https:\/\/www.facebook.com\/Duperrex-Frres-Taxi-Meubles-408761332652693\/","article_modified_time":"2024-12-30T15:06:17+00:00","twitter_card":"summary_large_image","twitter_misc":{"Est. reading time":"2 minutes"},"schema":{"@context":"https:\/\/schema.org","@graph":[{"@type":"WebPage","@id":"https:\/\/www.taxi-meubles.ch\/en\/politique-confidentialite\/","url":"https:\/\/www.taxi-meubles.ch\/en\/politique-confidentialite\/","name":"Politique de confidentialit\u00e9 - Taxi Meubles","isPartOf":{"@id":"https:\/\/www.taxi-meubles.ch\/fr\/#website"},"datePublished":"2022-10-19T09:21:42+00:00","dateModified":"2024-12-30T15:06:17+00:00","breadcrumb":{"@id":"https:\/\/www.taxi-meubles.ch\/en\/politique-confidentialite\/#breadcrumb"},"inLanguage":"en-US","potentialAction":[{"@type":"ReadAction","target":["https:\/\/www.taxi-meubles.ch\/en\/politique-confidentialite\/"]}]},{"@type":"BreadcrumbList","@id":"https:\/\/www.taxi-meubles.ch\/en\/politique-confidentialite\/#breadcrumb","itemListElement":[{"@type":"ListItem","position":1,"name":"Accueil","item":"https:\/\/www.taxi-meubles.ch\/en\/"},{"@type":"ListItem","position":2,"name":"Politique de confidentialit\u00e9"}]},{"@type":"WebSite","@id":"https:\/\/www.taxi-meubles.ch\/fr\/#website","url":"https:\/\/www.taxi-meubles.ch\/fr\/","name":"Taxi Meubles","description":"\u00c7a d\u00e9m\u00e9nage !","publisher":{"@id":"https:\/\/www.taxi-meubles.ch\/fr\/#organization"},"potentialAction":[{"@type":"SearchAction","target":{"@type":"EntryPoint","urlTemplate":"https:\/\/www.taxi-meubles.ch\/fr\/?s={search_term_string}"},"query-input":{"@type":"PropertyValueSpecification","valueRequired":true,"valueName":"search_term_string"}}],"inLanguage":"en-US"},{"@type":"Organization","@id":"https:\/\/www.taxi-meubles.ch\/fr\/#organization","name":"Taxi Meubles SA","url":"https:\/\/www.taxi-meubles.ch\/fr\/","logo":{"@type":"ImageObject","inLanguage":"en-US","@id":"https:\/\/www.taxi-meubles.ch\/fr\/#\/schema\/logo\/image\/","url":"https:\/\/www.taxi-meubles.ch\/wp-content\/uploads\/2022\/10\/taxi-meubles-logo-600.png","contentUrl":"https:\/\/www.taxi-meubles.ch\/wp-content\/uploads\/2022\/10\/taxi-meubles-logo-600.png","width":596,"height":131,"caption":"Taxi Meubles SA"},"image":{"@id":"https:\/\/www.taxi-meubles.ch\/fr\/#\/schema\/logo\/image\/"},"sameAs":["https:\/\/www.facebook.com\/Duperrex-Frres-Taxi-Meubles-408761332652693\/","https:\/\/www.linkedin.com\/company\/11111557\/"]}]}},"_links":{"self":[{"href":"https:\/\/www.taxi-meubles.ch\/en\/wp-json\/wp\/v2\/pages\/1024","targetHints":{"allow":["GET"]}}],"collection":[{"href":"https:\/\/www.taxi-meubles.ch\/en\/wp-json\/wp\/v2\/pages"}],"about":[{"href":"https:\/\/www.taxi-meubles.ch\/en\/wp-json\/wp\/v2\/types\/page"}],"author":[{"embeddable":true,"href":"https:\/\/www.taxi-meubles.ch\/en\/wp-json\/wp\/v2\/users\/3"}],"replies":[{"embeddable":true,"href":"https:\/\/www.taxi-meubles.ch\/en\/wp-json\/wp\/v2\/comments?post=1024"}],"version-history":[{"count":5,"href":"https:\/\/www.taxi-meubles.ch\/en\/wp-json\/wp\/v2\/pages\/1024\/revisions"}],"predecessor-version":[{"id":1531,"href":"https:\/\/www.taxi-meubles.ch\/en\/wp-json\/wp\/v2\/pages\/1024\/revisions\/1531"}],"wp:attachment":[{"href":"https:\/\/www.taxi-meubles.ch\/en\/wp-json\/wp\/v2\/media?parent=1024"}],"curies":[{"name":"wp","href":"https:\/\/api.w.org\/{rel}","templated":true}]}}